{"id":94,"date":"2023-10-12T07:53:45","date_gmt":"2023-10-12T07:53:45","guid":{"rendered":"https:\/\/shtheme.com\/demosd\/tempa\/?page_id=94"},"modified":"2026-01-30T18:30:29","modified_gmt":"2026-01-30T18:30:29","slug":"contact","status":"publish","type":"page","link":"https:\/\/skippersbeachguesthouse.com\/sv\/contact\/","title":{"rendered":"Contact"},"content":{"rendered":"<div data-elementor-type=\"wp-page\" data-elementor-id=\"94\" class=\"elementor elementor-94\" data-elementor-post-type=\"page\">\n\t\t\t\t\t\t<section class=\"elementor-section elementor-top-section elementor-element elementor-element-28f7c14 elementor-section-full_width elementor-section-height-default elementor-section-height-default\" data-id=\"28f7c14\" data-element_type=\"section\">\n\t\t\t\t\t\t<div class=\"elementor-container elementor-column-gap-no\">\n\t\t\t\t\t<div class=\"elementor-column elementor-col-100 elementor-top-column elementor-element elementor-element-d6ce174\" data-id=\"d6ce174\" data-element_type=\"column\">\n\t\t\t<div class=\"elementor-widget-wrap elementor-element-populated\">\n\t\t\t\t\t\t<div class=\"elementor-element elementor-element-d4b4d85 elementor-align-left elementor-widget elementor-widget-bdevs-breadcrumb-area\" data-id=\"d4b4d85\" data-element_type=\"widget\" data-widget_type=\"bdevs-breadcrumb-area.default\">\n\t\t\t\t<div class=\"elementor-widget-container\">\n\t\t\t\t\t \r\n\r\n\r\n<section class=\"breadcrumb-area section-tb-padding\" style=\"background-image: url('https:\/\/shtheme.com\/demosd\/tempa\/wp-content\/uploads\/2023\/10\/breadcrumb.jpg');\">\r\n\t<div class=\"container\">\r\n\t\t<div class=\"row\">\r\n\t\t\t<div class=\"col\">\r\n\t\t\t\t<div class=\"breadcrumb-block\">\r\n\t\t\t\t\t<div class=\"breadcrumb-link\">\r\n\t\t\t\t\t\t\t\t\t\t\t\t\t<a href=\"https:\/\/skippersbeachguesthouse.com\/sv\/\" class=\"link\">\r\n\t\t\t\t\t\t\t\tHem\t\t\t\t\t\t\t<\/a>\r\n\t\t\t\t\t\t\t\t\t\t\t\t\t\t\t\t\t\t\t<span class=\"page-title\">\r\n\t\t\t\t\t\t\t\tKontakta oss\t\t\t\t\t\t\t<\/span>\r\n\t\t\t\t\t\t\t\t\t\t\t<\/div>\r\n\t\t\t\t\t\t\t\t\t\t\t<div class=\"section-capture\">\r\n\t\t\t\t\t\t\t<div class=\"section-title\">\r\n\t\t\t\t\t\t\t\t<h2>\r\n\t\t\t\t\t\t\t\t\t<span>Kontakta oss<\/span>\r\n\t\t\t\t\t\t\t\t<\/h2>\r\n\t\t\t\t\t\t\t<\/div>\r\n\t\t\t\t\t\t<\/div>\r\n\t\t\t\t\t\t\t\t\t<\/div>\r\n\t\t\t<\/div>\r\n\t\t<\/div>\r\n\t<\/div>\r\n<\/section>\r\n\r\n\r\n\t\t\t\t<\/div>\n\t\t\t\t<\/div>\n\t\t\t\t\t<\/div>\n\t\t<\/div>\n\t\t\t\t\t<\/div>\n\t\t<\/section>\n\t\t\t\t<section class=\"elementor-section elementor-top-section elementor-element elementor-element-6272807 elementor-section-full_width elementor-section-height-default elementor-section-height-default\" data-id=\"6272807\" data-element_type=\"section\">\n\t\t\t\t\t\t<div class=\"elementor-container elementor-column-gap-no\">\n\t\t\t\t\t<div class=\"elementor-column elementor-col-100 elementor-top-column elementor-element elementor-element-0357dbd\" data-id=\"0357dbd\" data-element_type=\"column\">\n\t\t\t<div class=\"elementor-widget-wrap elementor-element-populated\">\n\t\t\t\t\t\t<div class=\"elementor-element elementor-element-74d1623 elementor-align-left elementor-widget elementor-widget-bdevs-contact-form\" data-id=\"74d1623\" data-element_type=\"widget\" data-widget_type=\"bdevs-contact-form.default\">\n\t\t\t\t<div class=\"elementor-widget-container\">\n\t\t\t\t\t\r\n\r\n<section class=\"contact-input-area section-tb-padding\">\r\n\t<div class=\"container\">\r\n\t\t<div class=\"row\">\r\n\t\t\t<div class=\"col\">\r\n\t\t\t\t<div class=\"section-capture wow animate__animated animate__fadeIn\" data-wow-delay=\"0.2s\">\r\n\t\t\t\t\t<div class=\"section-title\">\r\n\t\t\t\t\t\t\t\t\t\t\t\t\t<span class=\"subtitle\">H\u00e5ll kontakten med oss<\/span>\r\n\t\t\t\t\t\t\t\t\t\t\t\t\t\t\t\t\t\t\t<h2><span>Snabb support<\/span><\/h2>\r\n\t\t\t\t\t\t\t\t\t\t\t<\/div>\r\n\t\t\t\t<\/div>\r\n\t\t\t\t\t\t\t\t\t<div class=\"contact-input-block\">\r\n\t\t\t\t\t\t\n<div class=\"wpcf7 no-js\" id=\"wpcf7-f98-o1\" lang=\"en-US\" dir=\"ltr\" data-wpcf7-id=\"98\">\n<div class=\"screen-reader-response\"><p role=\"status\" aria-live=\"polite\" aria-atomic=\"true\"><\/p> <ul><\/ul><\/div>\n<form action=\"\/sv\/wp-json\/wp\/v2\/pages\/94#wpcf7-f98-o1\" method=\"post\" class=\"wpcf7-form init\" aria-label=\"Contact form\" novalidate=\"novalidate\" data-status=\"init\" data-trp-original-action=\"\/sv\/wp-json\/wp\/v2\/pages\/94#wpcf7-f98-o1\">\n<fieldset class=\"hidden-fields-container\"><input type=\"hidden\" name=\"_wpcf7\" value=\"98\" \/><input type=\"hidden\" name=\"_wpcf7_version\" value=\"6.1.4\" \/><input type=\"hidden\" name=\"_wpcf7_locale\" value=\"en_US\" \/><input type=\"hidden\" name=\"_wpcf7_unit_tag\" value=\"wpcf7-f98-o1\" \/><input type=\"hidden\" name=\"_wpcf7_container_post\" value=\"0\" \/><input type=\"hidden\" name=\"_wpcf7_posted_data_hash\" value=\"\" \/>\n<\/fieldset>\n<div>\n\t<ul class=\"contact-input-ul\">\n\t\t<li class=\"contact-input-li wow animate__animated animate__fadeIn\" data-wow-delay=\"0.1s\">\n\t\t\t<input size=\"40\" maxlength=\"400\" class=\"wpcf7-form-control wpcf7-text wpcf7-validates-as-required input-full\" aria-required=\"true\" aria-invalid=\"false\" placeholder=\"Ange ditt fullst\u00e4ndiga namn\" value=\"\" type=\"text\" name=\"your-name\" \/>\n\t\t\t<input size=\"40\" maxlength=\"400\" class=\"wpcf7-form-control wpcf7-email wpcf7-validates-as-required wpcf7-text wpcf7-validates-as-email input-full\" aria-required=\"true\" aria-invalid=\"false\" placeholder=\"Ange din e-postadress\" value=\"\" type=\"email\" name=\"your-email\" \/>\n\t\t<\/li>\n\t\t<li class=\"contact-input-li wow animate__animated animate__fadeIn\" data-wow-delay=\"0.2s\">\n\t\t\t<input size=\"40\" maxlength=\"400\" class=\"wpcf7-form-control wpcf7-text wpcf7-validates-as-required input-full\" aria-required=\"true\" aria-invalid=\"false\" placeholder=\"Ange ditt mobilnummer\" value=\"\" type=\"text\" name=\"your-phone\" \/>\n\t\t\t<input size=\"40\" maxlength=\"400\" class=\"wpcf7-form-control wpcf7-text wpcf7-validates-as-required input-full\" aria-required=\"true\" aria-invalid=\"false\" placeholder=\"V\u00e4lj ditt \u00e4mne\" value=\"\" type=\"text\" name=\"your-subject\" \/>\n\t\t<\/li>\n\t\t<li class=\"contact-input-li wow animate__animated animate__fadeIn\" data-wow-delay=\"0.3s\">\n\t\t\t<textarea cols=\"40\" rows=\"7\" maxlength=\"2000\" class=\"wpcf7-form-control wpcf7-textarea wpcf7-validates-as-required text-area\" aria-required=\"true\" aria-invalid=\"false\" placeholder=\"Ange din massage\" name=\"your-message\"><\/textarea>\n\t\t<\/li>\n\t<\/ul>\n\t<div class=\"contact-info-submit wow animate__animated animate__fadeIn\" data-wow-delay=\"0.2s\">\n\t\t<div class=\"submit-btn\">\n\t\t\t<input class=\"wpcf7-form-control wpcf7-submit has-spinner btn-style5 agree disabled\" type=\"submit\" value=\"Skicka meddelande\" \/>\n\t\t<\/div>\n\t<\/div>\n<\/div><div class=\"wpcf7-response-output\" aria-hidden=\"true\"><\/div>\n<input type=\"hidden\" name=\"trp-form-language\" value=\"sv\"\/><\/form>\n<\/div>\n\t\t\t\t\t<\/div>\r\n\t\t\t\t\t\t\t<\/div>\r\n\t\t<\/div>\r\n\t<\/div>\r\n<\/section>\r\n\r\n\r\n\t\t\t\t<\/div>\n\t\t\t\t<\/div>\n\t\t\t\t\t<\/div>\n\t\t<\/div>\n\t\t\t\t\t<\/div>\n\t\t<\/section>\n\t\t\t\t<section class=\"elementor-section elementor-top-section elementor-element elementor-element-28fcd77 elementor-section-full_width elementor-section-height-default elementor-section-height-default\" data-id=\"28fcd77\" data-element_type=\"section\">\n\t\t\t\t\t\t<div class=\"elementor-container elementor-column-gap-no\">\n\t\t\t\t\t<div class=\"elementor-column elementor-col-100 elementor-top-column elementor-element elementor-element-692c090\" data-id=\"692c090\" data-element_type=\"column\">\n\t\t\t<div class=\"elementor-widget-wrap elementor-element-populated\">\n\t\t\t\t\t\t<div class=\"elementor-element elementor-element-705e3b5 elementor-align-left elementor-widget elementor-widget-bdevs-contact-info\" data-id=\"705e3b5\" data-element_type=\"widget\" data-widget_type=\"bdevs-contact-info.default\">\n\t\t\t\t<div class=\"elementor-widget-container\">\n\t\t\t\t\t\r\n\r\n<section class=\"contact-info-area section-tb-padding\">\r\n\t<div class=\"container\">\r\n\t\t<div class=\"row\">\r\n\t\t\t<div class=\"col\">\r\n\t\t\t\t<div class=\"contact-info-block\">\r\n\t\t\t\t\t<div class=\"contact-info\">\r\n\t\t\t\t\t\t<ul class=\"contact-info-ul\">\r\n\t\t\t\t\t\t\t\t\t\t\t\t\t\t<li class=\"contact-info-li wow animate__slideInUp animate__animated\" data-wow-delay=\"0.1s\">\r\n\t\t\t\t\t\t\t\t\t<div class=\"contact-info-main\">\r\n\t\t\t\t\t\t\t\t\t\t\t\t\t\t\t\t\t\t\t\t\t<div class=\"info-icon\">\r\n\t\t\t\t\t\t\t\t\t\t\t\t<a href=\"javascript:void(0)\" class=\"icon-block\">\r\n\t\t\t\t\t\t\t\t\t\t\t\t\t<span class=\"icon\"><i class=\"feather-home\"><\/i><\/span>\r\n\t\t\t\t\t\t\t\t\t\t\t\t<\/a>\r\n\t\t\t\t\t\t\t\t\t\t\t<\/div>\r\n\t\t\t\t\t\t\t\t\t\t\t\t\t\t\t\t\t\t\t\t<div class=\"info-text\">\r\n\t\t\t\t\t\t\t\t\t\t\t\t\t\t\t\t\t\t\t\t\t\t\t<div class=\"title-block\">\r\n\t\t\t\t\t\t\t\t\t\t\t\t\t<span class=\"title\">Kontorets adress<\/span>\r\n\t\t\t\t\t\t\t\t\t\t\t\t<\/div>\r\n\t\t\t\t\t\t\t\t\t\t\t\t\t\t\t\t\t\t\t\t\t\t<div class=\"info-block\">\r\n\t\t\t\t\t\t\t\t\t\t\t\t\t\t\t\t\t\t\t\t\t\t\t\t\t\t\t\t\t\t\t\t\t\t\t\t\t\t\t\t\t\t\t\t\t\t\t\t\t\t\t\t\t\t<p>111\/22 Soi Hua Hin 67, Petchkasem Rd. Hua Hin,\nPrachuabkhirikhan 77110 Thailand<\/p>\r\n\t\t\t\t\t\t\t\t\t\t\t\t\t\t\t\t\t\t\t\t\t\t\t\t\t\t\t\t\t\t\t\t\t\t\t\t\t\t\t\t\t\t\t\t\t\t\t\t\t\t<\/div>\r\n\t\t\t\t\t\t\t\t\t\t<\/div>\r\n\t\t\t\t\t\t\t\t\t<\/div>\r\n\t\t\t\t\t\t\t\t<\/li>\r\n\t\t\t\t\t\t\t\t\t\t\t\t\t\t\t<li class=\"contact-info-li wow animate__slideInUp animate__animated\" data-wow-delay=\"0.2s\">\r\n\t\t\t\t\t\t\t\t\t<div class=\"contact-info-main\">\r\n\t\t\t\t\t\t\t\t\t\t\t\t\t\t\t\t\t\t\t\t\t<div class=\"info-icon\">\r\n\t\t\t\t\t\t\t\t\t\t\t\t<a href=\"javascript:void(0)\" class=\"icon-block\">\r\n\t\t\t\t\t\t\t\t\t\t\t\t\t<span class=\"icon\"><i class=\"feather-phone-call\"><\/i><\/span>\r\n\t\t\t\t\t\t\t\t\t\t\t\t<\/a>\r\n\t\t\t\t\t\t\t\t\t\t\t<\/div>\r\n\t\t\t\t\t\t\t\t\t\t\t\t\t\t\t\t\t\t\t\t<div class=\"info-text\">\r\n\t\t\t\t\t\t\t\t\t\t\t\t\t\t\t\t\t\t\t\t\t\t\t<div class=\"title-block\">\r\n\t\t\t\t\t\t\t\t\t\t\t\t\t<span class=\"title\">Telefonnummer<\/span>\r\n\t\t\t\t\t\t\t\t\t\t\t\t<\/div>\r\n\t\t\t\t\t\t\t\t\t\t\t\t\t\t\t\t\t\t\t\t\t\t<div class=\"info-block\">\r\n\t\t\t\t\t\t\t\t\t\t\t\t\t\t\t\t\t\t\t\t\t\t\t\t\t\t\t\t\t\t\t\t\t\t\t\t\t\t\t\t\t\t\t\t\t\t\t\t\t\t\t\t\t\t\t\t\t\t\t\t\t\t\t\t\t\t\t\t\t\t\t\t\t\t\t\t\t\t\t<a href=\"tel:+6680-646-6790\" class=\"info-link\">+6680-646-6790 <\/a>\r\n\t\t\t\t\t\t\t\t\t\t\t\t\t\t\t\t\t\t\t\t\t\t\t\t\t\t\t\t\t\t\t\t\t\t\t\t\t\t\t\t\t\t\t\t\t\t\t\t\t\t<\/div>\r\n\t\t\t\t\t\t\t\t\t\t<\/div>\r\n\t\t\t\t\t\t\t\t\t<\/div>\r\n\t\t\t\t\t\t\t\t<\/li>\r\n\t\t\t\t\t\t\t\t\t\t\t\t\t\t\t<li class=\"contact-info-li wow animate__slideInUp animate__animated\" data-wow-delay=\"0.3s\">\r\n\t\t\t\t\t\t\t\t\t<div class=\"contact-info-main\">\r\n\t\t\t\t\t\t\t\t\t\t\t\t\t\t\t\t\t\t\t\t\t<div class=\"info-icon\">\r\n\t\t\t\t\t\t\t\t\t\t\t\t<a href=\"javascript:void(0)\" class=\"icon-block\">\r\n\t\t\t\t\t\t\t\t\t\t\t\t\t<span class=\"icon\"><i class=\"feather-mail\"><\/i><\/span>\r\n\t\t\t\t\t\t\t\t\t\t\t\t<\/a>\r\n\t\t\t\t\t\t\t\t\t\t\t<\/div>\r\n\t\t\t\t\t\t\t\t\t\t\t\t\t\t\t\t\t\t\t\t<div class=\"info-text\">\r\n\t\t\t\t\t\t\t\t\t\t\t\t\t\t\t\t\t\t\t\t\t\t\t<div class=\"title-block\">\r\n\t\t\t\t\t\t\t\t\t\t\t\t\t<span class=\"title\">E-postadress<\/span>\r\n\t\t\t\t\t\t\t\t\t\t\t\t<\/div>\r\n\t\t\t\t\t\t\t\t\t\t\t\t\t\t\t\t\t\t\t\t\t\t<div class=\"info-block\">\r\n\t\t\t\t\t\t\t\t\t\t\t\t\t\t\t\t\t\t\t\t\t\t\t\t\t\t\t\t\t\t\t\t\t\t\t\t\t\t\t\t\t\t\t\t\t\t\t\t\t\t\t\t\t\t<a href=\"\/sv\/Skippers.beachguesthouse@gmail.com\/\" class=\"info-link\">Skippers.beachguesthouse<br>@gmail.com<\/a>\r\n\t\t\t\t\t\t\t\t\t\t\t\t\t\t\t\t\t\t\t\t\t\t\t\t\t\t\t\t\t\t\t\t\t\t\t\t\t\t\t\t\t\t\t\t\t\t\t\t\t\t\t\t\t\t\t\t\t\t\t\t\t\t\t\t\t\t\t\t\t\t\t\t\t\t\t<\/div>\r\n\t\t\t\t\t\t\t\t\t\t<\/div>\r\n\t\t\t\t\t\t\t\t\t<\/div>\r\n\t\t\t\t\t\t\t\t<\/li>\r\n\t\t\t\t\t\t\t\t\t\t\t\t\t<\/ul>\r\n\t\t\t\t\t<\/div>\r\n\t\t\t\t\t\t\t\t\t\t\t<div class=\"contact-map wow animate__slideInUp animate__animated\" data-wow-delay=\"0.3s\">\r\n\t\t\t\t\t\t\t<iframe src=\"https:\/\/maps.app.goo.gl\/2MDGeuma7oWbobFU7?g_st=ipc\" style=\"border:0;\" allowfullscreen=\"\" loading=\"lazy\" referrerpolicy=\"no-referrer-when-downgrade\"><\/iframe>\r\n\t\t\t\t\t\t<\/div>\r\n\t\t\t\t\t\t\t\t\t<\/div>\r\n\t\t\t<\/div>\r\n\t\t<\/div>\r\n\t<\/div>\r\n<\/section>\r\n\r\n\r\n\t\t\t\t<\/div>\n\t\t\t\t<\/div>\n\t\t\t\t\t<\/div>\n\t\t<\/div>\n\t\t\t\t\t<\/div>\n\t\t<\/section>\n\t\t\t\t<section class=\"elementor-section elementor-top-section elementor-element elementor-element-2a99da7 elementor-section-full_width elementor-section-height-default elementor-section-height-default\" data-id=\"2a99da7\" data-element_type=\"section\">\n\t\t\t\t\t\t<div class=\"elementor-container elementor-column-gap-no\">\n\t\t\t\t\t<div class=\"elementor-column elementor-col-100 elementor-top-column elementor-element elementor-element-1339d9c\" data-id=\"1339d9c\" data-element_type=\"column\">\n\t\t\t<div class=\"elementor-widget-wrap elementor-element-populated\">\n\t\t\t\t\t\t<div class=\"elementor-element elementor-element-3b05380 elementor-align-left elementor-widget elementor-widget-bdevs-testimonial-slider\" data-id=\"3b05380\" data-element_type=\"widget\" data-widget_type=\"bdevs-testimonial-slider.default\">\n\t\t\t\t<div class=\"elementor-widget-container\">\n\t\t\t\t\t \r\n\r\n\r\n<section class=\"testimonial-area section-tb-padding\">\r\n\t<div class=\"container\">\r\n\t\t<div class=\"row\">\r\n\t\t\t<div class=\"col\">\r\n\t\t\t\t<div class=\"section-capture\">\r\n\t\t\t\t\t<div class=\"section-title\">\r\n\t\t\t\t\t\t\t\t\t\t\t\t\t<span class=\"subtitle\">200+ positiva omd\u00f6men fr\u00e5n kunder<\/span>\r\n\t\t\t\t\t\t\t\t\t\t\t\t\t\t\t\t\t\t\t<h2>\r\n\t\t\t\t\t\t\t\t<span>V\u00e5r senaste kund<\/span>\n<span>k\u00e4rlek f\u00f6r hotellrecensioner<\/span>\t\t\t\t\t\t\t<\/h2>\r\n\t\t\t\t\t\t\t\t\t\t\t<\/div>\r\n\t\t\t\t<\/div>\r\n\t\t\t\t<div class=\"swiper\" id=\"testimonial-slider\">\r\n\t\t\t\t\t<div class=\"swiper-wrapper\">\r\n\t\t\t\t\t\t\t\t\t\t\t\t\t<div class=\"swiper-slide wow animate__animated animate__zoomIn\" data-wow-delay=\"0.1s\">\r\n\t\t\t\t\t\t\t\t<div class=\"testimonial-block\">\r\n\t\t\t\t\t\t\t\t\t\t\t\t\t\t\t\t\t\t\t<div class=\"testimonial-icon\">\r\n\t\t\t\t\t\t\t\t\t\t\t<img decoding=\"async\" src=\"https:\/\/shtheme.com\/demosd\/tempa\/wp-content\/uploads\/2023\/10\/test-icon.png\" class=\"img-fluid\" alt=\"image\">\r\n\t\t\t\t\t\t\t\t\t\t<\/div>\r\n\t\t\t\t\t\t\t\t\t\t\t\t\t\t\t\t\t\t<div class=\"testimonial-content\">\r\n\t\t\t\t\t\t\t\t\t\t\t\t\t\t\t\t\t\t\t\t\t<p class=\"desc\">Det finns m\u00e5nga varianter av passager av men majoriteten har drabbats av f\u00f6r\u00e4ndring a genom injicerad humor, eller randomiserad.<\/p>\r\n\t\t\t\t\t\t\t\t\t\t\t\t\t\t\t\t\t\t\t\t<div class=\"testi-author\">\r\n\t\t\t\t\t\t\t\t\t\t\t\t\t\t\t\t\t\t\t\t\t\t\t<div class=\"image\">\r\n\t\t\t\t\t\t\t\t\t\t\t\t\t<img decoding=\"async\" src=\"https:\/\/shtheme.com\/demosd\/tempa\/wp-content\/uploads\/2023\/10\/test-1.png\" class=\"img-fluid\" alt=\"image\">\r\n\t\t\t\t\t\t\t\t\t\t\t\t<\/div>\r\n\t\t\t\t\t\t\t\t\t\t\t\t\t\t\t\t\t\t\t\t\t\t<div class=\"author\">\r\n\t\t\t\t\t\t\t\t\t\t\t\t\t\t\t\t\t\t\t\t\t\t\t\t\t<span class=\"author-name\">Aida bugg<\/span>\r\n\t\t\t\t\t\t\t\t\t\t\t\t\t\t\t\t\t\t\t\t\t\t\t\t\t\t\t\t\t\t\t\t\t\t\t\t\t<span class=\"author-bio\">Butikskund<\/span>\r\n\t\t\t\t\t\t\t\t\t\t\t\t\t\t\t\t\t\t\t\t\t\t\t<\/div>\r\n\t\t\t\t\t\t\t\t\t\t<\/div>\r\n\t\t\t\t\t\t\t\t\t<\/div>\r\n\t\t\t\t\t\t\t\t<\/div>\r\n\t\t\t\t\t\t\t<\/div>\r\n\t\t\t\t\t\t\t\t\t\t\t\t\t<div class=\"swiper-slide wow animate__animated animate__zoomIn\" data-wow-delay=\"0.2s\">\r\n\t\t\t\t\t\t\t\t<div class=\"testimonial-block\">\r\n\t\t\t\t\t\t\t\t\t\t\t\t\t\t\t\t\t\t\t<div class=\"testimonial-icon\">\r\n\t\t\t\t\t\t\t\t\t\t\t<img decoding=\"async\" src=\"https:\/\/shtheme.com\/demosd\/tempa\/wp-content\/uploads\/2023\/10\/test-icon.png\" class=\"img-fluid\" alt=\"image\">\r\n\t\t\t\t\t\t\t\t\t\t<\/div>\r\n\t\t\t\t\t\t\t\t\t\t\t\t\t\t\t\t\t\t<div class=\"testimonial-content\">\r\n\t\t\t\t\t\t\t\t\t\t\t\t\t\t\t\t\t\t\t\t\t<p class=\"desc\">Det finns m\u00e5nga varianter av passager av men majoriteten har drabbats av f\u00f6r\u00e4ndring a genom injicerad humor, eller randomiserad.<\/p>\r\n\t\t\t\t\t\t\t\t\t\t\t\t\t\t\t\t\t\t\t\t<div class=\"testi-author\">\r\n\t\t\t\t\t\t\t\t\t\t\t\t\t\t\t\t\t\t\t\t\t\t\t<div class=\"image\">\r\n\t\t\t\t\t\t\t\t\t\t\t\t\t<img decoding=\"async\" src=\"https:\/\/shtheme.com\/demosd\/tempa\/wp-content\/uploads\/2023\/10\/test-2.png\" class=\"img-fluid\" alt=\"image\">\r\n\t\t\t\t\t\t\t\t\t\t\t\t<\/div>\r\n\t\t\t\t\t\t\t\t\t\t\t\t\t\t\t\t\t\t\t\t\t\t<div class=\"author\">\r\n\t\t\t\t\t\t\t\t\t\t\t\t\t\t\t\t\t\t\t\t\t\t\t\t\t<span class=\"author-name\">Del phineum<\/span>\r\n\t\t\t\t\t\t\t\t\t\t\t\t\t\t\t\t\t\t\t\t\t\t\t\t\t\t\t\t\t\t\t\t\t\t\t\t\t<span class=\"author-bio\">Butiks\u00e4gare<\/span>\r\n\t\t\t\t\t\t\t\t\t\t\t\t\t\t\t\t\t\t\t\t\t\t\t<\/div>\r\n\t\t\t\t\t\t\t\t\t\t<\/div>\r\n\t\t\t\t\t\t\t\t\t<\/div>\r\n\t\t\t\t\t\t\t\t<\/div>\r\n\t\t\t\t\t\t\t<\/div>\r\n\t\t\t\t\t\t\t\t\t\t\t\t\t<div class=\"swiper-slide wow animate__animated animate__zoomIn\" data-wow-delay=\"0.3s\">\r\n\t\t\t\t\t\t\t\t<div class=\"testimonial-block\">\r\n\t\t\t\t\t\t\t\t\t\t\t\t\t\t\t\t\t\t\t<div class=\"testimonial-icon\">\r\n\t\t\t\t\t\t\t\t\t\t\t<img decoding=\"async\" src=\"https:\/\/shtheme.com\/demosd\/tempa\/wp-content\/uploads\/2023\/10\/test-icon.png\" class=\"img-fluid\" alt=\"image\">\r\n\t\t\t\t\t\t\t\t\t\t<\/div>\r\n\t\t\t\t\t\t\t\t\t\t\t\t\t\t\t\t\t\t<div class=\"testimonial-content\">\r\n\t\t\t\t\t\t\t\t\t\t\t\t\t\t\t\t\t\t\t\t\t<p class=\"desc\">Det finns m\u00e5nga varianter av passager av men majoriteten har drabbats av f\u00f6r\u00e4ndring a genom injicerad humor, eller randomiserad.<\/p>\r\n\t\t\t\t\t\t\t\t\t\t\t\t\t\t\t\t\t\t\t\t<div class=\"testi-author\">\r\n\t\t\t\t\t\t\t\t\t\t\t\t\t\t\t\t\t\t\t\t\t\t\t<div class=\"image\">\r\n\t\t\t\t\t\t\t\t\t\t\t\t\t<img decoding=\"async\" src=\"https:\/\/shtheme.com\/demosd\/tempa\/wp-content\/uploads\/2023\/10\/test-3.png\" class=\"img-fluid\" alt=\"image\">\r\n\t\t\t\t\t\t\t\t\t\t\t\t<\/div>\r\n\t\t\t\t\t\t\t\t\t\t\t\t\t\t\t\t\t\t\t\t\t\t<div class=\"author\">\r\n\t\t\t\t\t\t\t\t\t\t\t\t\t\t\t\t\t\t\t\t\t\t\t\t\t<span class=\"author-name\">Percy kewshun<\/span>\r\n\t\t\t\t\t\t\t\t\t\t\t\t\t\t\t\t\t\t\t\t\t\t\t\t\t\t\t\t\t\t\t\t\t\t\t\t\t<span class=\"author-bio\">Butikskund<\/span>\r\n\t\t\t\t\t\t\t\t\t\t\t\t\t\t\t\t\t\t\t\t\t\t\t<\/div>\r\n\t\t\t\t\t\t\t\t\t\t<\/div>\r\n\t\t\t\t\t\t\t\t\t<\/div>\r\n\t\t\t\t\t\t\t\t<\/div>\r\n\t\t\t\t\t\t\t<\/div>\r\n\t\t\t\t\t\t\t\t\t\t\t\t\t<div class=\"swiper-slide wow animate__animated animate__zoomIn\" data-wow-delay=\"0.4s\">\r\n\t\t\t\t\t\t\t\t<div class=\"testimonial-block\">\r\n\t\t\t\t\t\t\t\t\t\t\t\t\t\t\t\t\t\t\t<div class=\"testimonial-icon\">\r\n\t\t\t\t\t\t\t\t\t\t\t<img decoding=\"async\" src=\"https:\/\/shtheme.com\/demosd\/tempa\/wp-content\/uploads\/2023\/10\/test-icon.png\" class=\"img-fluid\" alt=\"image\">\r\n\t\t\t\t\t\t\t\t\t\t<\/div>\r\n\t\t\t\t\t\t\t\t\t\t\t\t\t\t\t\t\t\t<div class=\"testimonial-content\">\r\n\t\t\t\t\t\t\t\t\t\t\t\t\t\t\t\t\t\t\t\t\t<p class=\"desc\">Det finns m\u00e5nga varianter av passager av men majoriteten har drabbats av f\u00f6r\u00e4ndring a genom injicerad humor, eller randomiserad.<\/p>\r\n\t\t\t\t\t\t\t\t\t\t\t\t\t\t\t\t\t\t\t\t<div class=\"testi-author\">\r\n\t\t\t\t\t\t\t\t\t\t\t\t\t\t\t\t\t\t\t\t\t\t\t<div class=\"image\">\r\n\t\t\t\t\t\t\t\t\t\t\t\t\t<img decoding=\"async\" src=\"https:\/\/shtheme.com\/demosd\/tempa\/wp-content\/uploads\/2023\/10\/test-4.png\" class=\"img-fluid\" alt=\"image\">\r\n\t\t\t\t\t\t\t\t\t\t\t\t<\/div>\r\n\t\t\t\t\t\t\t\t\t\t\t\t\t\t\t\t\t\t\t\t\t\t<div class=\"author\">\r\n\t\t\t\t\t\t\t\t\t\t\t\t\t\t\t\t\t\t\t\t\t\t\t\t\t<span class=\"author-name\">Mary Curry<\/span>\r\n\t\t\t\t\t\t\t\t\t\t\t\t\t\t\t\t\t\t\t\t\t\t\t\t\t\t\t\t\t\t\t\t\t\t\t\t\t<span class=\"author-bio\">Butikskund<\/span>\r\n\t\t\t\t\t\t\t\t\t\t\t\t\t\t\t\t\t\t\t\t\t\t\t<\/div>\r\n\t\t\t\t\t\t\t\t\t\t<\/div>\r\n\t\t\t\t\t\t\t\t\t<\/div>\r\n\t\t\t\t\t\t\t\t<\/div>\r\n\t\t\t\t\t\t\t<\/div>\r\n\t\t\t\t\t\t\t\t\t\t\t<\/div>\r\n\t\t\t\t<\/div>\r\n\t\t\t<\/div>\r\n\t\t<\/div>\r\n\t<\/div>\r\n<\/section>\r\n\r\n\r\n\t\t\t\t<\/div>\n\t\t\t\t<\/div>\n\t\t\t\t\t<\/div>\n\t\t<\/div>\n\t\t\t\t\t<\/div>\n\t\t<\/section>\n\t\t\t\t<\/div>","protected":false},"excerpt":{"rendered":"<p>Home Contact us Contact us Stay touch with us Quick a support Office address 111\/22 Soi Hua Hin 67, Petchkasem Rd. Hua Hin, Prachuabkhirikhan 77110 Thailand Phone number +6680-646-6790 Email address Skippers.beachguesthouse@gmail.com 200+ Positive clients reviews Our latest customer love for hotel reviews There are many variations of passages of but the majority have suffered [&hellip;]<\/p>","protected":false},"author":1,"featured_media":0,"parent":0,"menu_order":0,"comment_status":"closed","ping_status":"closed","template":"page-templates\/tempa-templates.php","meta":{"inline_featured_image":false,"footnotes":""},"class_list":["post-94","page","type-page","status-publish","hentry"],"_hostinger_reach_plugin_has_subscription_block":false,"_hostinger_reach_plugin_is_elementor":false,"_links":{"self":[{"href":"https:\/\/skippersbeachguesthouse.com\/sv\/wp-json\/wp\/v2\/pages\/94","targetHints":{"allow":["GET"]}}],"collection":[{"href":"https:\/\/skippersbeachguesthouse.com\/sv\/wp-json\/wp\/v2\/pages"}],"about":[{"href":"https:\/\/skippersbeachguesthouse.com\/sv\/wp-json\/wp\/v2\/types\/page"}],"author":[{"embeddable":true,"href":"https:\/\/skippersbeachguesthouse.com\/sv\/wp-json\/wp\/v2\/users\/1"}],"replies":[{"embeddable":true,"href":"https:\/\/skippersbeachguesthouse.com\/sv\/wp-json\/wp\/v2\/comments?post=94"}],"version-history":[{"count":4,"href":"https:\/\/skippersbeachguesthouse.com\/sv\/wp-json\/wp\/v2\/pages\/94\/revisions"}],"predecessor-version":[{"id":1421,"href":"https:\/\/skippersbeachguesthouse.com\/sv\/wp-json\/wp\/v2\/pages\/94\/revisions\/1421"}],"wp:attachment":[{"href":"https:\/\/skippersbeachguesthouse.com\/sv\/wp-json\/wp\/v2\/media?parent=94"}],"curies":[{"name":"wp","href":"https:\/\/api.w.org\/{rel}","templated":true}]}}