{"id":1517,"date":"2026-02-11T16:36:36","date_gmt":"2026-02-11T16:36:36","guid":{"rendered":"https:\/\/skippersbeachguesthouse.com\/?page_id=1517"},"modified":"2026-02-12T18:16:50","modified_gmt":"2026-02-12T18:16:50","slug":"1517-2","status":"publish","type":"page","link":"https:\/\/skippersbeachguesthouse.com\/sv\/1517-2\/","title":{"rendered":"our new room"},"content":{"rendered":"<div data-elementor-type=\"wp-page\" data-elementor-id=\"1517\" class=\"elementor elementor-1517\" data-elementor-post-type=\"page\">\n\t\t\t\t<div class=\"elementor-element elementor-element-a06c990 e-flex e-con-boxed e-con e-parent\" data-id=\"a06c990\" data-element_type=\"container\">\n\t\t\t\t\t<div class=\"e-con-inner\">\n\t\t\t\t<div class=\"elementor-element elementor-element-decd1da gallery-spacing-custom elementor-widget elementor-widget-image-gallery\" data-id=\"decd1da\" data-element_type=\"widget\" data-widget_type=\"image-gallery.default\">\n\t\t\t\t\t\t\t<div class=\"elementor-image-gallery\">\n\t\t\t\n\t\t<style type=\"text\/css\">\n\t\t\t#gallery-1 {\n\t\t\t\tmargin: auto;\n\t\t\t}\n\t\t\t#gallery-1 .gallery-item {\n\t\t\t\tfloat: left;\n\t\t\t\tmargin-top: 10px;\n\t\t\t\ttext-align: center;\n\t\t\t\twidth: 33%;\n\t\t\t}\n\t\t\t#gallery-1 img {\n\t\t\t\tborder: 2px solid #cfcfcf;\n\t\t\t}\n\t\t\t#gallery-1 .gallery-caption {\n\t\t\t\tmargin-left: 0;\n\t\t\t}\n\t\t\t\/* see gallery_shortcode() in wp-includes\/media.php *\/\n\t\t<\/style>\n\t\t<div id='gallery-1' class='gallery galleryid-1517 gallery-columns-3 gallery-size-medium_large'><dl class='gallery-item'>\n\t\t\t<dt class='gallery-icon portrait'>\n\t\t\t\t<a data-elementor-open-lightbox=\"yes\" data-elementor-lightbox-slideshow=\"decd1da\" data-elementor-lightbox-title=\"cxxz xc\" data-e-action-hash=\"#elementor-action%3Aaction%3Dlightbox%26settings%3DeyJpZCI6MTM2OSwidXJsIjoiaHR0cHM6XC9cL3NraXBwZXJzYmVhY2hndWVzdGhvdXNlLmNvbVwvd3AtY29udGVudFwvdXBsb2Fkc1wvMjAyNlwvMDFcL2N4eHoteGMuanBlZyIsInNsaWRlc2hvdyI6ImRlY2QxZGEifQ%3D%3D\" href='https:\/\/skippersbeachguesthouse.com\/wp-content\/uploads\/2026\/01\/cxxz-xc.jpeg'><img fetchpriority=\"high\" decoding=\"async\" width=\"768\" height=\"1024\" src=\"https:\/\/skippersbeachguesthouse.com\/wp-content\/uploads\/2026\/01\/cxxz-xc-768x1024.jpeg\" class=\"attachment-medium_large size-medium_large\" alt=\"\" srcset=\"https:\/\/skippersbeachguesthouse.com\/wp-content\/uploads\/2026\/01\/cxxz-xc-768x1024.jpeg 768w, https:\/\/skippersbeachguesthouse.com\/wp-content\/uploads\/2026\/01\/cxxz-xc-225x300.jpeg 225w, https:\/\/skippersbeachguesthouse.com\/wp-content\/uploads\/2026\/01\/cxxz-xc-1152x1536.jpeg 1152w, https:\/\/skippersbeachguesthouse.com\/wp-content\/uploads\/2026\/01\/cxxz-xc-600x800.jpeg 600w, https:\/\/skippersbeachguesthouse.com\/wp-content\/uploads\/2026\/01\/cxxz-xc.jpeg 1200w\" sizes=\"(max-width: 768px) 100vw, 768px\" \/><\/a>\n\t\t\t<\/dt><\/dl><dl class='gallery-item'>\n\t\t\t<dt class='gallery-icon portrait'>\n\t\t\t\t<a data-elementor-open-lightbox=\"yes\" data-elementor-lightbox-slideshow=\"decd1da\" data-elementor-lightbox-title=\"WhatsApp Image 2026-02-12 at 14.15.33\" data-e-action-hash=\"#elementor-action%3Aaction%3Dlightbox%26settings%3DeyJpZCI6MTU4MCwidXJsIjoiaHR0cHM6XC9cL3NraXBwZXJzYmVhY2hndWVzdGhvdXNlLmNvbVwvd3AtY29udGVudFwvdXBsb2Fkc1wvMjAyNlwvMDJcL1doYXRzQXBwLUltYWdlLTIwMjYtMDItMTItYXQtMTQuMTUuMzMuanBlZyIsInNsaWRlc2hvdyI6ImRlY2QxZGEifQ%3D%3D\" href='https:\/\/skippersbeachguesthouse.com\/wp-content\/uploads\/2026\/02\/WhatsApp-Image-2026-02-12-at-14.15.33.jpeg'><img decoding=\"async\" width=\"768\" height=\"1024\" src=\"https:\/\/skippersbeachguesthouse.com\/wp-content\/uploads\/2026\/02\/WhatsApp-Image-2026-02-12-at-14.15.33-768x1024.jpeg\" class=\"attachment-medium_large size-medium_large\" alt=\"\" srcset=\"https:\/\/skippersbeachguesthouse.com\/wp-content\/uploads\/2026\/02\/WhatsApp-Image-2026-02-12-at-14.15.33-768x1024.jpeg 768w, https:\/\/skippersbeachguesthouse.com\/wp-content\/uploads\/2026\/02\/WhatsApp-Image-2026-02-12-at-14.15.33-225x300.jpeg 225w, https:\/\/skippersbeachguesthouse.com\/wp-content\/uploads\/2026\/02\/WhatsApp-Image-2026-02-12-at-14.15.33-1152x1536.jpeg 1152w, https:\/\/skippersbeachguesthouse.com\/wp-content\/uploads\/2026\/02\/WhatsApp-Image-2026-02-12-at-14.15.33-9x12.jpeg 9w, https:\/\/skippersbeachguesthouse.com\/wp-content\/uploads\/2026\/02\/WhatsApp-Image-2026-02-12-at-14.15.33-600x800.jpeg 600w, https:\/\/skippersbeachguesthouse.com\/wp-content\/uploads\/2026\/02\/WhatsApp-Image-2026-02-12-at-14.15.33.jpeg 1200w\" sizes=\"(max-width: 768px) 100vw, 768px\" \/><\/a>\n\t\t\t<\/dt><\/dl><dl class='gallery-item'>\n\t\t\t<dt class='gallery-icon portrait'>\n\t\t\t\t<a data-elementor-open-lightbox=\"yes\" data-elementor-lightbox-slideshow=\"decd1da\" data-elementor-lightbox-title=\"343243\" data-e-action-hash=\"#elementor-action%3Aaction%3Dlightbox%26settings%3DeyJpZCI6MTQzMiwidXJsIjoiaHR0cHM6XC9cL3NraXBwZXJzYmVhY2hndWVzdGhvdXNlLmNvbVwvd3AtY29udGVudFwvdXBsb2Fkc1wvMjAyNlwvMDJcLzM0MzI0My5qcGVnIiwic2xpZGVzaG93IjoiZGVjZDFkYSJ9\" href='https:\/\/skippersbeachguesthouse.com\/wp-content\/uploads\/2026\/02\/343243.jpeg'><img decoding=\"async\" width=\"768\" height=\"1024\" src=\"https:\/\/skippersbeachguesthouse.com\/wp-content\/uploads\/2026\/02\/343243-768x1024.jpeg\" class=\"attachment-medium_large size-medium_large\" alt=\"\" srcset=\"https:\/\/skippersbeachguesthouse.com\/wp-content\/uploads\/2026\/02\/343243-768x1024.jpeg 768w, https:\/\/skippersbeachguesthouse.com\/wp-content\/uploads\/2026\/02\/343243-225x300.jpeg 225w, https:\/\/skippersbeachguesthouse.com\/wp-content\/uploads\/2026\/02\/343243-1152x1536.jpeg 1152w, https:\/\/skippersbeachguesthouse.com\/wp-content\/uploads\/2026\/02\/343243-600x800.jpeg 600w, https:\/\/skippersbeachguesthouse.com\/wp-content\/uploads\/2026\/02\/343243.jpeg 1200w\" sizes=\"(max-width: 768px) 100vw, 768px\" \/><\/a>\n\t\t\t<\/dt><\/dl><br style=\"clear: both\" \/>\n\t\t<\/div>\n\t\t<\/div>\n\t\t\t\t\t\t<\/div>\n\t\t\t\t\t<\/div>\n\t\t\t\t<\/div>\n\t\t<div class=\"elementor-element elementor-element-1032465 e-flex e-con-boxed e-con e-parent\" data-id=\"1032465\" data-element_type=\"container\">\n\t\t\t\t\t<div class=\"e-con-inner\">\n\t\t\t\t<div class=\"elementor-element elementor-element-9abe29b elementor-align-left elementor-widget elementor-widget-bdevs-hotel-room-area\" data-id=\"9abe29b\" data-element_type=\"widget\" data-widget_type=\"bdevs-hotel-room-area.default\">\n\t\t\t\t<div class=\"elementor-widget-container\">\n\t\t\t\t\t \r\n\r\n\r\n<section class=\"hotel-room-area section-t-padding wow slideInUp\">\r\n\t<div class=\"container\">\r\n\t\t<div class=\"row\">\r\n\t\t\t<div class=\"col\">\r\n\t\t\t\t<div class=\"section-capture\">\r\n\t\t\t\t\t<div class=\"section-title wow slideInLeft\">\r\n\t\t\t\t\t\t<span class=\"subtitle\">V\u00e4lj din rumsanl\u00e4ggning<\/span>\r\n\t\t\t\t\t\t<h2>\r\n\t\t\t\t\t\t\t<span>Hotellets l\u00e4genhet<\/span>\n<span>b\u00e4sta m\u00f6jliga anl\u00e4ggning<\/span>\t\t\t\t\t\t<\/h2>\r\n\t\t\t\t\t<\/div>\r\n\t\t\t\t<\/div>\r\n\t\t\t\t<div class=\"hotel-room-block\">\r\n\t\t\t\t\t<div class=\"swiper\" id=\"hotel-room\">\r\n\t\t\t\t\t\t<div class=\"swiper-wrapper\">\r\n\t\t\t\t\t\t\t\t\t\t\t\t\t\t\t<div class=\"swiper-slide wow animate__animated animate__fadeInUp\" data-wow-delay=\"0.1s\"> \r\n\t\t\t\t\t\t\t\t\t<div class=\"room-block\">\r\n\t\t\t\t\t\t\t\t\t\t<span class=\"room-image\">\r\n\t\t\t\t\t\t\t\t\t\t\t\t\t\t\t\t\t\t\t\t\t<\/span>\t\t\r\n\t\t\t\t\t\t\t\t\t\t<div class=\"room-content\">\r\n\t\t\t\t\t\t\t\t\t\t\t\t\t\t\t\t\t\t\t\t\t\t\t<div class=\"icon-image\">\r\n\t\t\t\t\t\t\t\t\t\t\t\t\t<img decoding=\"async\" src=\"https:\/\/shtheme.com\/demosd\/tempa\/wp-content\/uploads\/2023\/11\/facility-service-1.png\" class=\"img-fluid\" alt=\"image\">\r\n\t\t\t\t\t\t\t\t\t\t\t\t<\/div>\r\n\t\t\t\t\t\t\t\t\t\t\t\t\t\t\t\t\t\t\t\t\t\t\t\t\t\t\t\t\t\t\t\t\t\t\t\t\t\t\t\t\t\t\t\t\t\t\t<span class=\"title\">Badrum<\/span>\r\n\t\t\t\t\t\t\t\t\t\t\t\t\t\t\t\t\t\t\t\t\t\t\t\t\t\t\t\t\t\t\t\t\t\t\t\t\t\t\t\t\t\t\t\t\t\t\t\t\t\t\t\t\t\t\t<\/div>\t\r\n\t\t\t\t\t\t\t\t\t<\/div>\r\n\t\t\t\t\t\t\t\t<\/div>\r\n\t\t\t\t\t\t\t\t\t\t\t\t\t\t\t<div class=\"swiper-slide wow animate__animated animate__fadeInUp\" data-wow-delay=\"0.2s\"> \r\n\t\t\t\t\t\t\t\t\t<div class=\"room-block\">\r\n\t\t\t\t\t\t\t\t\t\t<span class=\"room-image\">\r\n\t\t\t\t\t\t\t\t\t\t\t\t\t\t\t\t\t\t\t\t\t<\/span>\t\t\r\n\t\t\t\t\t\t\t\t\t\t<div class=\"room-content\">\r\n\t\t\t\t\t\t\t\t\t\t\t\t\t\t\t\t\t\t\t\t\t\t\t<div class=\"icon-image\">\r\n\t\t\t\t\t\t\t\t\t\t\t\t\t<img decoding=\"async\" src=\"https:\/\/shtheme.com\/demosd\/tempa\/wp-content\/uploads\/2023\/11\/facility-service-2.png\" class=\"img-fluid\" alt=\"image\">\r\n\t\t\t\t\t\t\t\t\t\t\t\t<\/div>\r\n\t\t\t\t\t\t\t\t\t\t\t\t\t\t\t\t\t\t\t\t\t\t\t\t\t\t\t\t\t\t\t\t\t\t\t\t\t\t\t\t\t\t\t\t\t\t\t<span class=\"title\">Platt-tv<\/span>\r\n\t\t\t\t\t\t\t\t\t\t\t\t\t\t\t\t\t\t\t\t\t\t\t\t\t\t\t\t\t\t\t\t\t\t\t\t\t\t\t\t\t\t\t\t\t\t\t\t\t\t\t\t\t\t\t<\/div>\t\r\n\t\t\t\t\t\t\t\t\t<\/div>\r\n\t\t\t\t\t\t\t\t<\/div>\r\n\t\t\t\t\t\t\t\t\t\t\t\t\t\t\t<div class=\"swiper-slide wow animate__animated animate__fadeInUp\" data-wow-delay=\"0.3s\"> \r\n\t\t\t\t\t\t\t\t\t<div class=\"room-block\">\r\n\t\t\t\t\t\t\t\t\t\t<span class=\"room-image\">\r\n\t\t\t\t\t\t\t\t\t\t\t\t\t\t\t\t\t\t\t\t\t<\/span>\t\t\r\n\t\t\t\t\t\t\t\t\t\t<div class=\"room-content\">\r\n\t\t\t\t\t\t\t\t\t\t\t\t\t\t\t\t\t\t\t\t\t\t\t<div class=\"icon-image\">\r\n\t\t\t\t\t\t\t\t\t\t\t\t\t<img decoding=\"async\" src=\"https:\/\/shtheme.com\/demosd\/tempa\/wp-content\/uploads\/2023\/11\/facility-service-4.png\" class=\"img-fluid\" alt=\"image\">\r\n\t\t\t\t\t\t\t\t\t\t\t\t<\/div>\r\n\t\t\t\t\t\t\t\t\t\t\t\t\t\t\t\t\t\t\t\t\t\t\t\t\t\t\t\t\t\t\t\t\t\t\t\t\t\t\t\t\t\t\t\t\t\t\t<span class=\"title\">H\u00e5rtork<\/span>\r\n\t\t\t\t\t\t\t\t\t\t\t\t\t\t\t\t\t\t\t\t\t\t\t\t\t\t\t\t\t\t\t\t\t\t\t\t\t\t\t\t\t\t\t\t\t\t\t\t\t\t\t\t\t\t\t<\/div>\t\r\n\t\t\t\t\t\t\t\t\t<\/div>\r\n\t\t\t\t\t\t\t\t<\/div>\r\n\t\t\t\t\t\t\t\t\t\t\t\t\t<\/div>\r\n\t\t\t\t\t<\/div>\r\n\t\t\t\t<\/div>\r\n\t\t\t<\/div>\r\n\t\t<\/div>\r\n\t<\/div>\r\n<\/section>\r\n\r\n\r\n\t\t\t\t<\/div>\n\t\t\t\t<\/div>\n\t\t\t\t\t<\/div>\n\t\t\t\t<\/div>\n\t\t\t\t<\/div>","protected":false},"excerpt":{"rendered":"<p>Choose your room facility The hotel apartment best possible facility Bathroom Flat screen tv Hairdryer<\/p>","protected":false},"author":1,"featured_media":0,"parent":0,"menu_order":0,"comment_status":"closed","ping_status":"closed","template":"elementor_header_footer","meta":{"inline_featured_image":false,"footnotes":""},"class_list":["post-1517","page","type-page","status-publish","hentry"],"_hostinger_reach_plugin_has_subscription_block":false,"_hostinger_reach_plugin_is_elementor":false,"_links":{"self":[{"href":"https:\/\/skippersbeachguesthouse.com\/sv\/wp-json\/wp\/v2\/pages\/1517","targetHints":{"allow":["GET"]}}],"collection":[{"href":"https:\/\/skippersbeachguesthouse.com\/sv\/wp-json\/wp\/v2\/pages"}],"about":[{"href":"https:\/\/skippersbeachguesthouse.com\/sv\/wp-json\/wp\/v2\/types\/page"}],"author":[{"embeddable":true,"href":"https:\/\/skippersbeachguesthouse.com\/sv\/wp-json\/wp\/v2\/users\/1"}],"replies":[{"embeddable":true,"href":"https:\/\/skippersbeachguesthouse.com\/sv\/wp-json\/wp\/v2\/comments?post=1517"}],"version-history":[{"count":20,"href":"https:\/\/skippersbeachguesthouse.com\/sv\/wp-json\/wp\/v2\/pages\/1517\/revisions"}],"predecessor-version":[{"id":1600,"href":"https:\/\/skippersbeachguesthouse.com\/sv\/wp-json\/wp\/v2\/pages\/1517\/revisions\/1600"}],"wp:attachment":[{"href":"https:\/\/skippersbeachguesthouse.com\/sv\/wp-json\/wp\/v2\/media?parent=1517"}],"curies":[{"name":"wp","href":"https:\/\/api.w.org\/{rel}","templated":true}]}}