{"id":104,"date":"2023-10-13T02:56:36","date_gmt":"2023-10-13T02:56:36","guid":{"rendered":"https:\/\/shtheme.com\/demosd\/tempa\/?page_id=104"},"modified":"2026-02-03T10:30:07","modified_gmt":"2026-02-03T10:30:07","slug":"about","status":"publish","type":"page","link":"https:\/\/skippersbeachguesthouse.com\/sv\/about\/","title":{"rendered":"About"},"content":{"rendered":"<div data-elementor-type=\"wp-page\" data-elementor-id=\"104\" class=\"elementor elementor-104\" data-elementor-post-type=\"page\">\n\t\t\t\t\t\t<section class=\"elementor-section elementor-top-section elementor-element elementor-element-a05df4e elementor-section-full_width elementor-section-height-default elementor-section-height-default\" data-id=\"a05df4e\" data-element_type=\"section\">\n\t\t\t\t\t\t<div class=\"elementor-container elementor-column-gap-no\">\n\t\t\t\t\t<div class=\"elementor-column elementor-col-100 elementor-top-column elementor-element elementor-element-3d37032\" data-id=\"3d37032\" data-element_type=\"column\">\n\t\t\t<div class=\"elementor-widget-wrap elementor-element-populated\">\n\t\t\t\t\t\t<div class=\"elementor-element elementor-element-14669d1 elementor-align-left elementor-widget elementor-widget-bdevs-breadcrumb-area\" data-id=\"14669d1\" data-element_type=\"widget\" data-widget_type=\"bdevs-breadcrumb-area.default\">\n\t\t\t\t<div class=\"elementor-widget-container\">\n\t\t\t\t\t \r\n\r\n\r\n<section class=\"breadcrumb-area section-tb-padding\" style=\"background-image: url('https:\/\/skippersbeachguesthouse.com\/wp-content\/uploads\/2026\/01\/86786.jpeg');\">\r\n\t<div class=\"container\">\r\n\t\t<div class=\"row\">\r\n\t\t\t<div class=\"col\">\r\n\t\t\t\t<div class=\"breadcrumb-block\">\r\n\t\t\t\t\t<div class=\"breadcrumb-link\">\r\n\t\t\t\t\t\t\t\t\t\t\t\t\t<a href=\"https:\/\/skippersbeachguesthouse.com\/sv\/\" class=\"link\">\r\n\t\t\t\t\t\t\t\tHem\t\t\t\t\t\t\t<\/a>\r\n\t\t\t\t\t\t\t\t\t\t\t\t\t\t\t\t\t\t\t<span class=\"page-title\">\r\n\t\t\t\t\t\t\t\tAbout us\t\t\t\t\t\t\t<\/span>\r\n\t\t\t\t\t\t\t\t\t\t\t<\/div>\r\n\t\t\t\t\t\t\t\t\t<\/div>\r\n\t\t\t<\/div>\r\n\t\t<\/div>\r\n\t<\/div>\r\n<\/section>\r\n\r\n\r\n\t\t\t\t<\/div>\n\t\t\t\t<\/div>\n\t\t\t\t\t<\/div>\n\t\t<\/div>\n\t\t\t\t\t<\/div>\n\t\t<\/section>\n\t\t\t\t<section class=\"elementor-section elementor-top-section elementor-element elementor-element-5cfc161 elementor-section-full_width elementor-section-height-default elementor-section-height-default\" data-id=\"5cfc161\" data-element_type=\"section\">\n\t\t\t\t\t\t<div class=\"elementor-container elementor-column-gap-no\">\n\t\t\t\t\t<div class=\"elementor-column elementor-col-100 elementor-top-column elementor-element elementor-element-2137798\" data-id=\"2137798\" data-element_type=\"column\">\n\t\t\t<div class=\"elementor-widget-wrap\">\n\t\t\t\t\t\t\t<\/div>\n\t\t<\/div>\n\t\t\t\t\t<\/div>\n\t\t<\/section>\n\t\t\t\t<section class=\"elementor-section elementor-top-section elementor-element elementor-element-09f150b elementor-section-full_width elementor-section-height-default elementor-section-height-default\" data-id=\"09f150b\" data-element_type=\"section\">\n\t\t\t\t\t\t<div class=\"elementor-container elementor-column-gap-no\">\n\t\t\t\t\t<div class=\"elementor-column elementor-col-100 elementor-top-column elementor-element elementor-element-8b6181c\" data-id=\"8b6181c\" data-element_type=\"column\">\n\t\t\t<div class=\"elementor-widget-wrap elementor-element-populated\">\n\t\t\t\t\t\t<div class=\"elementor-element elementor-element-7af8d98 elementor-align-left elementor-widget elementor-widget-bdevs-about-feature\" data-id=\"7af8d98\" data-element_type=\"widget\" data-widget_type=\"bdevs-about-feature.default\">\n\t\t\t\t<div class=\"elementor-widget-container\">\n\t\t\t\t\t \r\n\r\n\r\n<section class=\"about-feature-area section-tb-padding\">\r\n\t<div class=\"container\">\r\n\t\t<div class=\"row\">\r\n\t\t\t<div class=\"col\">\r\n\t\t\t\t<div class=\"about-feature\">\r\n\t\t\t\t\t\t\t\t\t\t\t<div class=\"feature-image wow animate__animated animate__fadeIn\" data-wow-delay=\"0.1s\">\r\n\t\t\t\t\t\t\t<span class=\"small-opacity\">\r\n\t\t\t\t\t\t\t\t<img decoding=\"async\" src=\"https:\/\/skippersbeachguesthouse.com\/wp-content\/uploads\/2026\/01\/86786.jpeg\" class=\"img-fluid\" alt=\"image\">\r\n\t\t\t\t\t\t\t<\/span>\r\n\t\t\t\t\t\t<\/div>\r\n\t\t\t\t\t\t\t\t\t\t<div class=\"feature-content wow animate__animated animate__fadeIn\" data-wow-delay=\"0.2s\">\r\n\t\t\t\t\t\t<div class=\"content-block\">\r\n\t\t\t\t\t\t\t<div class=\"section-capture\">\r\n\t\t\t\t\t\t\t\t<div class=\"section-title\">\r\n\t\t\t\t\t\t\t\t\t\t\t\t\t\t\t\t\t\t\t<span class=\"subtitle\">Skipper Guest House <\/span>\r\n\t\t\t\t\t\t\t\t\t\t\t\t\t\t\t\t\t\t\t\t\t\t\t\t\t\t\t\t<h2><span>Classic double and twin<\/span>\n<span>room <\/span><\/h2>\r\n\t\t\t\t\t\t\t\t\t\t\t\t\t\t\t\t\t<\/div>\r\n\t\t\t\t\t\t\t<\/div>\r\n\t\t\t\t\t\t\t<div class=\"feature-text\">\r\n\t\t\t\t\t\t\t\t<ul class=\"feature-ul\">\r\n\t\t\t\t\t\t\t\t\t\t\t\t\t\t\t\t\t\t\t\t\t\t\t\t\t\t\t\t\t\t<li class=\"feature-li\">\r\n\t\t\t\t\t\t\t\t\t\t\t\t<span class=\"icon\"><i class=\"feather-check\"><\/i><\/span>\r\n\t\t\t\t\t\t\t\t\t\t\t\t<p class=\"text\">Classic single room<\/p>\r\n\t\t\t\t\t\t\t\t\t\t\t<\/li>\r\n\t\t\t\t\t\t\t\t\t\t\t\t\t\t\t\t\t\t\t\t\t\t\t\t\t\t\t\t\t\t\t\t\t\t\t\t\t\t\t\t<li class=\"feature-li\">\r\n\t\t\t\t\t\t\t\t\t\t\t\t<span class=\"icon\"><i class=\"feather-check\"><\/i><\/span>\r\n\t\t\t\t\t\t\t\t\t\t\t\t<p class=\"text\">Classic double and twin room<\/p>\r\n\t\t\t\t\t\t\t\t\t\t\t<\/li>\r\n\t\t\t\t\t\t\t\t\t\t\t\t\t\t\t\t\t\t\t\t\t\t\t\t\t\t\t\t\t\t\t\t\t\t\t\t\t\t\t\t<li class=\"feature-li\">\r\n\t\t\t\t\t\t\t\t\t\t\t\t<span class=\"icon\"><i class=\"feather-check\"><\/i><\/span>\r\n\t\t\t\t\t\t\t\t\t\t\t\t<p class=\"text\">Familjerum<\/p>\r\n\t\t\t\t\t\t\t\t\t\t\t<\/li>\r\n\t\t\t\t\t\t\t\t\t\t\t\t\t\t\t\t\t\t\t\t\t\t\t\t\t\t\t<\/ul>\r\n\t\t\t\t\t\t\t<\/div>\r\n\t\t\t\t\t\t\t\t\t\t\t\t\t\t\t<a href=\"?page_id=65\" class=\"feature-btn btn-style5\">\r\n\t\t\t\t\t\t\t\t\tUppt\u00e4ck nu\t\t\t\t\t\t\t\t<\/a>\r\n\t\t\t\t\t\t\t\t\t\t\t\t\t<\/div>\r\n\t\t\t\t\t<\/div>\r\n\t\t\t\t<\/div>\r\n\t\t\t<\/div>\r\n\t\t<\/div>\r\n\t<\/div>\r\n<\/section>\r\n\r\n\t\t\t\t<\/div>\n\t\t\t\t<\/div>\n\t\t\t\t\t<\/div>\n\t\t<\/div>\n\t\t\t\t\t<\/div>\n\t\t<\/section>\n\t\t\t\t<section class=\"elementor-section elementor-top-section elementor-element elementor-element-7886f95 elementor-section-full_width elementor-section-height-default elementor-section-height-default\" data-id=\"7886f95\" data-element_type=\"section\">\n\t\t\t\t\t\t<div class=\"elementor-container elementor-column-gap-no\">\n\t\t\t\t\t<div class=\"elementor-column elementor-col-100 elementor-top-column elementor-element elementor-element-7831b33\" data-id=\"7831b33\" data-element_type=\"column\">\n\t\t\t<div class=\"elementor-widget-wrap elementor-element-populated\">\n\t\t\t\t\t\t<div class=\"elementor-element elementor-element-64de4d5 elementor-align-left elementor-widget elementor-widget-bdevs-about-team\" data-id=\"64de4d5\" data-element_type=\"widget\" data-widget_type=\"bdevs-about-team.default\">\n\t\t\t\t<div class=\"elementor-widget-container\">\n\t\t\t\t\t \r\n\r\n\r\n<section class=\"about-team-area section-tb-padding\">\r\n\t<div class=\"container\">\r\n\t\t<div class=\"row\">\r\n\t\t\t<div class=\"col\">\r\n\t\t\t\t<div class=\"section-capture\">\r\n\t\t\t\t\t<div class=\"section-title\">\r\n\t\t\t\t\t\t\t\t\t\t\t\t\t<span class=\"subtitle\">A supportive team always<\/span>\r\n\t\t\t\t\t\t\t\t\t\t\t\t\t\t\t\t\t\t\t<h2><span>The world have been<\/span>\n<span>accomplished by people<\/span><\/h2>\r\n\t\t\t\t\t\t\t\t\t\t\t<\/div>\r\n\t\t\t\t<\/div>\r\n\t\t\t\t<div class=\"team-block\">\r\n\t\t\t\t\t<ul class=\"team-ul\">\r\n\t\t\t\t\t\t\t\t\t\t\t\t\t<li class=\"team-li wow animate__animated animate__zoomIn\" data-wow-delay=\"0.1s\">\r\n\t\t\t\t\t\t\t\t\t\t\t\t\t\t\t\t\t<div class=\"team-image\">\r\n\t\t\t\t\t\t\t\t\t\t<span class=\"image-block\">\r\n\t\t\t\t\t\t\t\t\t\t\t<img decoding=\"async\" src=\"https:\/\/skippersbeachguesthouse.com\/wp-content\/uploads\/2026\/01\/christer.jpeg\" class=\"img-fluid\" alt=\"image\">\r\n\t\t\t\t\t\t\t\t\t\t<\/span>\r\n\t\t\t\t\t\t\t\t\t<\/div>\r\n\t\t\t\t\t\t\t\t\t\t\t\t\t\t\t\t<div class=\"team-info\">\r\n\t\t\t\t\t\t\t\t\t\t\t\t\t\t\t\t\t\t\t<span class=\"team-name\">Christer <\/span>\r\n\t\t\t\t\t\t\t\t\t\t\t\t\t\t\t\t\t\t\t\t\t\t\t\t\t\t\t\t<p class=\"team-bio\">Owner\/ Manager<\/p>\r\n\t\t\t\t\t\t\t\t\t\t\t\t\t\t\t\t\t<\/div>\r\n\t\t\t\t\t\t\t<\/li>\r\n\t\t\t\t\t\t\t\t\t\t\t\t\t<li class=\"team-li wow animate__animated animate__zoomIn\" data-wow-delay=\"0.2s\">\r\n\t\t\t\t\t\t\t\t\t\t\t\t\t\t\t\t\t<div class=\"team-image\">\r\n\t\t\t\t\t\t\t\t\t\t<span class=\"image-block\">\r\n\t\t\t\t\t\t\t\t\t\t\t<img decoding=\"async\" src=\"https:\/\/skippersbeachguesthouse.com\/wp-content\/uploads\/2026\/01\/perre.jpeg\" class=\"img-fluid\" alt=\"image\">\r\n\t\t\t\t\t\t\t\t\t\t<\/span>\r\n\t\t\t\t\t\t\t\t\t<\/div>\r\n\t\t\t\t\t\t\t\t\t\t\t\t\t\t\t\t<div class=\"team-info\">\r\n\t\t\t\t\t\t\t\t\t\t\t\t\t\t\t\t\t\t\t<span class=\"team-name\">Perre<\/span>\r\n\t\t\t\t\t\t\t\t\t\t\t\t\t\t\t\t\t\t\t\t\t\t\t\t\t\t\t\t<p class=\"team-bio\">Owner\/ Manager<\/p>\r\n\t\t\t\t\t\t\t\t\t\t\t\t\t\t\t\t\t<\/div>\r\n\t\t\t\t\t\t\t<\/li>\r\n\t\t\t\t\t\t\t\t\t\t\t\t\t<li class=\"team-li wow animate__animated animate__zoomIn\" data-wow-delay=\"0.3s\">\r\n\t\t\t\t\t\t\t\t\t\t\t\t\t\t\t\t\t<div class=\"team-image\">\r\n\t\t\t\t\t\t\t\t\t\t<span class=\"image-block\">\r\n\t\t\t\t\t\t\t\t\t\t\t<img decoding=\"async\" src=\"https:\/\/skippersbeachguesthouse.com\/wp-content\/uploads\/2026\/01\/sirinat-cleaner.jpeg\" class=\"img-fluid\" alt=\"image\">\r\n\t\t\t\t\t\t\t\t\t\t<\/span>\r\n\t\t\t\t\t\t\t\t\t<\/div>\r\n\t\t\t\t\t\t\t\t\t\t\t\t\t\t\t\t<div class=\"team-info\">\r\n\t\t\t\t\t\t\t\t\t\t\t\t\t\t\t\t\t\t\t<span class=\"team-name\">Sirinat <\/span>\r\n\t\t\t\t\t\t\t\t\t\t\t\t\t\t\t\t\t\t\t\t\t\t\t\t\t\t\t\t<p class=\"team-bio\">Cleaner<\/p>\r\n\t\t\t\t\t\t\t\t\t\t\t\t\t\t\t\t\t<\/div>\r\n\t\t\t\t\t\t\t<\/li>\r\n\t\t\t\t\t\t\t\t\t\t\t<\/ul>\r\n\t\t\t\t<\/div>\r\n\t\t\t<\/div>\r\n\t\t<\/div>\r\n\t<\/div>\r\n<\/section>\r\n\r\n\r\n\t\t\t\t<\/div>\n\t\t\t\t<\/div>\n\t\t\t\t<div class=\"elementor-element elementor-element-ac30372 elementor-align-left elementor-widget elementor-widget-bdevs-about-location\" data-id=\"ac30372\" data-element_type=\"widget\" data-widget_type=\"bdevs-about-location.default\">\n\t\t\t\t<div class=\"elementor-widget-container\">\n\t\t\t\t\t \r\n\r\n\r\n<section class=\"about-location-area section-tb-padding\">\r\n\t<div class=\"container-fluid\">\r\n\t\t<div class=\"row\">\r\n\t\t\t<div class=\"col\">\r\n\t\t\t\t<div class=\"section-capture\">\r\n\t\t\t\t\t<div class=\"section-title\">\r\n\t\t\t\t\t\t\t\t\t\t\t\t\t<span class=\"subtitle\">The best room just for you<\/span>\r\n\t\t\t\t\t\t\t\t\t\t\t\t\t\r\n\t\t\t\t\t\t\t<h2>\r\n\t\t\t\t\t\t\t\t<span>We are a dulux hotel for<\/span>\n<span>visually compelling stories<\/span> \t\t\t\t\t\t\t<\/h2>\r\n\t\t\t\t\t\t\t\t\t\t\t<\/div>\r\n\t\t\t\t<\/div>\r\n\t\t\t\t<ul class=\"about-location-ul\">\r\n\t\t\t\t\t\t\t\t\t\t\t<li class=\"about-location-li wow animate__animated animate__fadeIn\" data-wow-delay=\"0.1s\">\r\n\t\t\t\t\t\t\t<div class=\"location-block\">\r\n\t\t\t\t\t\t\t\t\t\t\t\t\t\t\t\t\t<span class=\"location-image small-opacity\">\r\n\t\t\t\t\t\t\t\t\t\t<img decoding=\"async\" src=\"https:\/\/skippersbeachguesthouse.com\/wp-content\/uploads\/2026\/01\/kggnjhg.jpeg\" class=\"img-fluid\" alt=\"image\">\r\n\t\t\t\t\t\t\t\t\t<\/span>\r\n\t\t\t\t\t\t\t\t\t\t\t\t\t\t\t\t<div class=\"location-content\">\r\n\t\t\t\t\t\t\t\t\t<span class=\"icon\"><i class=\"feather-map-pin\"><\/i><\/span>\r\n\t\t\t\t\t\t\t\t\t<div class=\"location-text\">\r\n\t\t\t\t\t\t\t\t\t\t\t\t\t\t\t\t\t\t\t\t\t<span class=\"location-title1\">Your place<\/span>\r\n\t\t\t\t\t\t\t\t\t\t\t\t\t\t\t\t\t\t\t\t\t\t\t\t\t\t\t\t\t<\/div>\r\n\t\t\t\t\t\t\t\t\t\t\t\t\t\t\t\t\t\t\t<a href=\"?room=classic-superior-room\" class=\"location-btn\"><span><i class=\"feather-arrow-right\"><\/i><\/span><\/a>\r\n\t\t\t\t\t\t\t\t\t\t\t\t\t\t\t\t\t<\/div>\r\n\t\t\t\t\t\t\t<\/div>\r\n\t\t\t\t\t\t<\/li>\r\n\t\t\t\t\t\t\t\t\t\t\t<li class=\"about-location-li wow animate__animated animate__fadeIn\" data-wow-delay=\"0.2s\">\r\n\t\t\t\t\t\t\t<div class=\"location-block\">\r\n\t\t\t\t\t\t\t\t\t\t\t\t\t\t\t\t\t<span class=\"location-image small-opacity\">\r\n\t\t\t\t\t\t\t\t\t\t<img decoding=\"async\" src=\"https:\/\/skippersbeachguesthouse.com\/wp-content\/uploads\/2023\/10\/WhatsApp-Image-1447-07-14-at-12.15.46.jpeg\" class=\"img-fluid\" alt=\"image\">\r\n\t\t\t\t\t\t\t\t\t<\/span>\r\n\t\t\t\t\t\t\t\t\t\t\t\t\t\t\t\t<div class=\"location-content\">\r\n\t\t\t\t\t\t\t\t\t<span class=\"icon\"><i class=\"feather-map-pin\"><\/i><\/span>\r\n\t\t\t\t\t\t\t\t\t<div class=\"location-text\">\r\n\t\t\t\t\t\t\t\t\t\t\t\t\t\t\t\t\t\t\t\t\t<span class=\"location-title1\">Your place<\/span>\r\n\t\t\t\t\t\t\t\t\t\t\t\t\t\t\t\t\t\t\t\t\t\t\t\t\t\t\t\t\t<\/div>\r\n\t\t\t\t\t\t\t\t\t\t\t\t\t\t\t\t\t\t\t<a href=\"?room=delux-double-room\" class=\"location-btn\"><span><i class=\"feather-arrow-right\"><\/i><\/span><\/a>\r\n\t\t\t\t\t\t\t\t\t\t\t\t\t\t\t\t\t<\/div>\r\n\t\t\t\t\t\t\t<\/div>\r\n\t\t\t\t\t\t<\/li>\r\n\t\t\t\t\t\t\t\t\t\t\t<li class=\"about-location-li wow animate__animated animate__fadeIn\" data-wow-delay=\"0.3s\">\r\n\t\t\t\t\t\t\t<div class=\"location-block\">\r\n\t\t\t\t\t\t\t\t\t\t\t\t\t\t\t\t\t<span class=\"location-image small-opacity\">\r\n\t\t\t\t\t\t\t\t\t\t<img decoding=\"async\" src=\"https:\/\/shtheme.com\/demosd\/tempa\/wp-content\/uploads\/2023\/11\/about-location-3.jpg\" class=\"img-fluid\" alt=\"image\">\r\n\t\t\t\t\t\t\t\t\t<\/span>\r\n\t\t\t\t\t\t\t\t\t\t\t\t\t\t\t\t<div class=\"location-content\">\r\n\t\t\t\t\t\t\t\t\t<span class=\"icon\"><i class=\"feather-map-pin\"><\/i><\/span>\r\n\t\t\t\t\t\t\t\t\t<div class=\"location-text\">\r\n\t\t\t\t\t\t\t\t\t\t\t\t\t\t\t\t\t\t\t\t\t<span class=\"location-title1\">Your place<\/span>\r\n\t\t\t\t\t\t\t\t\t\t\t\t\t\t\t\t\t\t\t\t\t\t\t\t\t\t\t\t\t<\/div>\r\n\t\t\t\t\t\t\t\t\t\t\t\t\t\t\t\t\t\t\t<a href=\"?room=swimming-pool\" class=\"location-btn\"><span><i class=\"feather-arrow-right\"><\/i><\/span><\/a>\r\n\t\t\t\t\t\t\t\t\t\t\t\t\t\t\t\t\t<\/div>\r\n\t\t\t\t\t\t\t<\/div>\r\n\t\t\t\t\t\t<\/li>\r\n\t\t\t\t\t\t\t\t\t\t\t<li class=\"about-location-li wow animate__animated animate__fadeIn\" data-wow-delay=\"0.4s\">\r\n\t\t\t\t\t\t\t<div class=\"location-block\">\r\n\t\t\t\t\t\t\t\t\t\t\t\t\t\t\t\t\t<span class=\"location-image small-opacity\">\r\n\t\t\t\t\t\t\t\t\t\t<img decoding=\"async\" src=\"https:\/\/skippersbeachguesthouse.com\/wp-content\/uploads\/2023\/10\/7567567.jpeg\" class=\"img-fluid\" alt=\"image\">\r\n\t\t\t\t\t\t\t\t\t<\/span>\r\n\t\t\t\t\t\t\t\t\t\t\t\t\t\t\t\t<div class=\"location-content\">\r\n\t\t\t\t\t\t\t\t\t<span class=\"icon\"><i class=\"feather-map-pin\"><\/i><\/span>\r\n\t\t\t\t\t\t\t\t\t<div class=\"location-text\">\r\n\t\t\t\t\t\t\t\t\t\t\t\t\t\t\t\t\t\t\t\t\t<span class=\"location-title1\">Your place<\/span>\r\n\t\t\t\t\t\t\t\t\t\t\t\t\t\t\t\t\t\t\t\t\t\t\t\t\t\t\t\t\t<\/div>\r\n\t\t\t\t\t\t\t\t\t\t\t\t\t\t\t\t\t\t\t<a href=\"?room=the-preferred-hotel\" class=\"location-btn\"><span><i class=\"feather-arrow-right\"><\/i><\/span><\/a>\r\n\t\t\t\t\t\t\t\t\t\t\t\t\t\t\t\t\t<\/div>\r\n\t\t\t\t\t\t\t<\/div>\r\n\t\t\t\t\t\t<\/li>\r\n\t\t\t\t\t\t\t\t\t\t\t<li class=\"about-location-li wow animate__animated animate__fadeIn\" data-wow-delay=\"0.5s\">\r\n\t\t\t\t\t\t\t<div class=\"location-block\">\r\n\t\t\t\t\t\t\t\t\t\t\t\t\t\t\t\t\t<span class=\"location-image small-opacity\">\r\n\t\t\t\t\t\t\t\t\t\t<img decoding=\"async\" src=\"https:\/\/shtheme.com\/demosd\/tempa\/wp-content\/uploads\/2023\/11\/about-location-5.jpg\" class=\"img-fluid\" alt=\"image\">\r\n\t\t\t\t\t\t\t\t\t<\/span>\r\n\t\t\t\t\t\t\t\t\t\t\t\t\t\t\t\t<div class=\"location-content\">\r\n\t\t\t\t\t\t\t\t\t<span class=\"icon\"><i class=\"feather-map-pin\"><\/i><\/span>\r\n\t\t\t\t\t\t\t\t\t<div class=\"location-text\">\r\n\t\t\t\t\t\t\t\t\t\t\t\t\t\t\t\t\t\t\t\t\t<span class=\"location-title1\">Your place<\/span>\r\n\t\t\t\t\t\t\t\t\t\t\t\t\t\t\t\t\t\t\t\t\t\t\t\t\t\t\t\t\t<\/div>\r\n\t\t\t\t\t\t\t\t\t\t\t\t\t\t\t\t\t\t\t<a href=\"?room=step-into-luxury\" class=\"location-btn\"><span><i class=\"feather-arrow-right\"><\/i><\/span><\/a>\r\n\t\t\t\t\t\t\t\t\t\t\t\t\t\t\t\t\t<\/div>\r\n\t\t\t\t\t\t\t<\/div>\r\n\t\t\t\t\t\t<\/li>\r\n\t\t\t\t\t\t\t\t\t<\/ul>\r\n\t\t\t<\/div>\r\n\t\t<\/div>\r\n\t<\/div>\r\n<\/section>\r\n\r\n\r\n\t\t\t\t<\/div>\n\t\t\t\t<\/div>\n\t\t\t\t\t<\/div>\n\t\t<\/div>\n\t\t\t\t\t<\/div>\n\t\t<\/section>\n\t\t\t\t<section class=\"elementor-section elementor-top-section elementor-element elementor-element-92ae0be elementor-section-full_width elementor-section-height-default elementor-section-height-default\" data-id=\"92ae0be\" data-element_type=\"section\">\n\t\t\t\t\t\t<div class=\"elementor-container elementor-column-gap-no\">\n\t\t\t\t\t<div class=\"elementor-column elementor-col-100 elementor-top-column elementor-element elementor-element-4c11937\" data-id=\"4c11937\" data-element_type=\"column\">\n\t\t\t<div class=\"elementor-widget-wrap elementor-element-populated\">\n\t\t\t\t\t\t<div class=\"elementor-element elementor-element-ed95466 elementor-align-left elementor-widget elementor-widget-bdevs-testimonial-slider\" data-id=\"ed95466\" data-element_type=\"widget\" data-widget_type=\"bdevs-testimonial-slider.default\">\n\t\t\t\t<div class=\"elementor-widget-container\">\n\t\t\t\t\t \r\n\r\n\r\n<section class=\"testimonial-area section-tb-padding\">\r\n\t<div class=\"container\">\r\n\t\t<div class=\"row\">\r\n\t\t\t<div class=\"col\">\r\n\t\t\t\t<div class=\"section-capture\">\r\n\t\t\t\t\t<div class=\"section-title\">\r\n\t\t\t\t\t\t\t\t\t\t\t\t\t<span class=\"subtitle\">200+ positiva omd\u00f6men fr\u00e5n kunder<\/span>\r\n\t\t\t\t\t\t\t\t\t\t\t\t\t\t\t\t\t\t\t<h2>\r\n\t\t\t\t\t\t\t\t<span>V\u00e5r senaste kund<\/span>\n<span>k\u00e4rlek f\u00f6r hotellrecensioner<\/span>\t\t\t\t\t\t\t<\/h2>\r\n\t\t\t\t\t\t\t\t\t\t\t<\/div>\r\n\t\t\t\t<\/div>\r\n\t\t\t\t<div class=\"swiper\" id=\"testimonial-slider\">\r\n\t\t\t\t\t<div class=\"swiper-wrapper\">\r\n\t\t\t\t\t\t\t\t\t\t\t\t\t<div class=\"swiper-slide wow animate__animated animate__zoomIn\" data-wow-delay=\"0.1s\">\r\n\t\t\t\t\t\t\t\t<div class=\"testimonial-block\">\r\n\t\t\t\t\t\t\t\t\t\t\t\t\t\t\t\t\t\t\t<div class=\"testimonial-icon\">\r\n\t\t\t\t\t\t\t\t\t\t\t<img decoding=\"async\" src=\"https:\/\/shtheme.com\/demosd\/tempa\/wp-content\/uploads\/2023\/10\/test-icon.png\" class=\"img-fluid\" alt=\"image\">\r\n\t\t\t\t\t\t\t\t\t\t<\/div>\r\n\t\t\t\t\t\t\t\t\t\t\t\t\t\t\t\t\t\t<div class=\"testimonial-content\">\r\n\t\t\t\t\t\t\t\t\t\t\t\t\t\t\t\t\t\t\t\t\t<p class=\"desc\">Det finns m\u00e5nga varianter av passager av men majoriteten har drabbats av f\u00f6r\u00e4ndring a genom injicerad humor, eller randomiserad.<\/p>\r\n\t\t\t\t\t\t\t\t\t\t\t\t\t\t\t\t\t\t\t\t<div class=\"testi-author\">\r\n\t\t\t\t\t\t\t\t\t\t\t\t\t\t\t\t\t\t\t\t\t\t\t<div class=\"image\">\r\n\t\t\t\t\t\t\t\t\t\t\t\t\t<img decoding=\"async\" src=\"https:\/\/shtheme.com\/demosd\/tempa\/wp-content\/uploads\/2023\/10\/test-1.png\" class=\"img-fluid\" alt=\"image\">\r\n\t\t\t\t\t\t\t\t\t\t\t\t<\/div>\r\n\t\t\t\t\t\t\t\t\t\t\t\t\t\t\t\t\t\t\t\t\t\t<div class=\"author\">\r\n\t\t\t\t\t\t\t\t\t\t\t\t\t\t\t\t\t\t\t\t\t\t\t\t\t<span class=\"author-name\">Aida bugg<\/span>\r\n\t\t\t\t\t\t\t\t\t\t\t\t\t\t\t\t\t\t\t\t\t\t\t\t\t\t\t\t\t\t\t\t\t\t\t\t\t<span class=\"author-bio\">Butikskund<\/span>\r\n\t\t\t\t\t\t\t\t\t\t\t\t\t\t\t\t\t\t\t\t\t\t\t<\/div>\r\n\t\t\t\t\t\t\t\t\t\t<\/div>\r\n\t\t\t\t\t\t\t\t\t<\/div>\r\n\t\t\t\t\t\t\t\t<\/div>\r\n\t\t\t\t\t\t\t<\/div>\r\n\t\t\t\t\t\t\t\t\t\t\t\t\t<div class=\"swiper-slide wow animate__animated animate__zoomIn\" data-wow-delay=\"0.2s\">\r\n\t\t\t\t\t\t\t\t<div class=\"testimonial-block\">\r\n\t\t\t\t\t\t\t\t\t\t\t\t\t\t\t\t\t\t\t<div class=\"testimonial-icon\">\r\n\t\t\t\t\t\t\t\t\t\t\t<img decoding=\"async\" src=\"https:\/\/shtheme.com\/demosd\/tempa\/wp-content\/uploads\/2023\/10\/test-icon.png\" class=\"img-fluid\" alt=\"image\">\r\n\t\t\t\t\t\t\t\t\t\t<\/div>\r\n\t\t\t\t\t\t\t\t\t\t\t\t\t\t\t\t\t\t<div class=\"testimonial-content\">\r\n\t\t\t\t\t\t\t\t\t\t\t\t\t\t\t\t\t\t\t\t\t<p class=\"desc\">Det finns m\u00e5nga varianter av passager av men majoriteten har drabbats av f\u00f6r\u00e4ndring a genom injicerad humor, eller randomiserad.<\/p>\r\n\t\t\t\t\t\t\t\t\t\t\t\t\t\t\t\t\t\t\t\t<div class=\"testi-author\">\r\n\t\t\t\t\t\t\t\t\t\t\t\t\t\t\t\t\t\t\t\t\t\t\t<div class=\"image\">\r\n\t\t\t\t\t\t\t\t\t\t\t\t\t<img decoding=\"async\" src=\"https:\/\/shtheme.com\/demosd\/tempa\/wp-content\/uploads\/2023\/10\/test-2.png\" class=\"img-fluid\" alt=\"image\">\r\n\t\t\t\t\t\t\t\t\t\t\t\t<\/div>\r\n\t\t\t\t\t\t\t\t\t\t\t\t\t\t\t\t\t\t\t\t\t\t<div class=\"author\">\r\n\t\t\t\t\t\t\t\t\t\t\t\t\t\t\t\t\t\t\t\t\t\t\t\t\t<span class=\"author-name\">Del phineum<\/span>\r\n\t\t\t\t\t\t\t\t\t\t\t\t\t\t\t\t\t\t\t\t\t\t\t\t\t\t\t\t\t\t\t\t\t\t\t\t\t<span class=\"author-bio\">Butiks\u00e4gare<\/span>\r\n\t\t\t\t\t\t\t\t\t\t\t\t\t\t\t\t\t\t\t\t\t\t\t<\/div>\r\n\t\t\t\t\t\t\t\t\t\t<\/div>\r\n\t\t\t\t\t\t\t\t\t<\/div>\r\n\t\t\t\t\t\t\t\t<\/div>\r\n\t\t\t\t\t\t\t<\/div>\r\n\t\t\t\t\t\t\t\t\t\t\t\t\t<div class=\"swiper-slide wow animate__animated animate__zoomIn\" data-wow-delay=\"0.3s\">\r\n\t\t\t\t\t\t\t\t<div class=\"testimonial-block\">\r\n\t\t\t\t\t\t\t\t\t\t\t\t\t\t\t\t\t\t\t<div class=\"testimonial-icon\">\r\n\t\t\t\t\t\t\t\t\t\t\t<img decoding=\"async\" src=\"https:\/\/shtheme.com\/demosd\/tempa\/wp-content\/uploads\/2023\/10\/test-icon.png\" class=\"img-fluid\" alt=\"image\">\r\n\t\t\t\t\t\t\t\t\t\t<\/div>\r\n\t\t\t\t\t\t\t\t\t\t\t\t\t\t\t\t\t\t<div class=\"testimonial-content\">\r\n\t\t\t\t\t\t\t\t\t\t\t\t\t\t\t\t\t\t\t\t\t<p class=\"desc\">Det finns m\u00e5nga varianter av passager av men majoriteten har drabbats av f\u00f6r\u00e4ndring a genom injicerad humor, eller randomiserad.<\/p>\r\n\t\t\t\t\t\t\t\t\t\t\t\t\t\t\t\t\t\t\t\t<div class=\"testi-author\">\r\n\t\t\t\t\t\t\t\t\t\t\t\t\t\t\t\t\t\t\t\t\t\t\t<div class=\"image\">\r\n\t\t\t\t\t\t\t\t\t\t\t\t\t<img decoding=\"async\" src=\"https:\/\/shtheme.com\/demosd\/tempa\/wp-content\/uploads\/2023\/10\/test-3.png\" class=\"img-fluid\" alt=\"image\">\r\n\t\t\t\t\t\t\t\t\t\t\t\t<\/div>\r\n\t\t\t\t\t\t\t\t\t\t\t\t\t\t\t\t\t\t\t\t\t\t<div class=\"author\">\r\n\t\t\t\t\t\t\t\t\t\t\t\t\t\t\t\t\t\t\t\t\t\t\t\t\t<span class=\"author-name\">Percy kewshun<\/span>\r\n\t\t\t\t\t\t\t\t\t\t\t\t\t\t\t\t\t\t\t\t\t\t\t\t\t\t\t\t\t\t\t\t\t\t\t\t\t<span class=\"author-bio\">Butikskund<\/span>\r\n\t\t\t\t\t\t\t\t\t\t\t\t\t\t\t\t\t\t\t\t\t\t\t<\/div>\r\n\t\t\t\t\t\t\t\t\t\t<\/div>\r\n\t\t\t\t\t\t\t\t\t<\/div>\r\n\t\t\t\t\t\t\t\t<\/div>\r\n\t\t\t\t\t\t\t<\/div>\r\n\t\t\t\t\t\t\t\t\t\t\t\t\t<div class=\"swiper-slide wow animate__animated animate__zoomIn\" data-wow-delay=\"0.4s\">\r\n\t\t\t\t\t\t\t\t<div class=\"testimonial-block\">\r\n\t\t\t\t\t\t\t\t\t\t\t\t\t\t\t\t\t\t\t<div class=\"testimonial-icon\">\r\n\t\t\t\t\t\t\t\t\t\t\t<img decoding=\"async\" src=\"https:\/\/shtheme.com\/demosd\/tempa\/wp-content\/uploads\/2023\/10\/test-icon.png\" class=\"img-fluid\" alt=\"image\">\r\n\t\t\t\t\t\t\t\t\t\t<\/div>\r\n\t\t\t\t\t\t\t\t\t\t\t\t\t\t\t\t\t\t<div class=\"testimonial-content\">\r\n\t\t\t\t\t\t\t\t\t\t\t\t\t\t\t\t\t\t\t\t\t<p class=\"desc\">Det finns m\u00e5nga varianter av passager av men majoriteten har drabbats av f\u00f6r\u00e4ndring a genom injicerad humor, eller randomiserad.<\/p>\r\n\t\t\t\t\t\t\t\t\t\t\t\t\t\t\t\t\t\t\t\t<div class=\"testi-author\">\r\n\t\t\t\t\t\t\t\t\t\t\t\t\t\t\t\t\t\t\t\t\t\t\t<div class=\"image\">\r\n\t\t\t\t\t\t\t\t\t\t\t\t\t<img decoding=\"async\" src=\"https:\/\/shtheme.com\/demosd\/tempa\/wp-content\/uploads\/2023\/10\/test-4.png\" class=\"img-fluid\" alt=\"image\">\r\n\t\t\t\t\t\t\t\t\t\t\t\t<\/div>\r\n\t\t\t\t\t\t\t\t\t\t\t\t\t\t\t\t\t\t\t\t\t\t<div class=\"author\">\r\n\t\t\t\t\t\t\t\t\t\t\t\t\t\t\t\t\t\t\t\t\t\t\t\t\t<span class=\"author-name\">Mary Curry<\/span>\r\n\t\t\t\t\t\t\t\t\t\t\t\t\t\t\t\t\t\t\t\t\t\t\t\t\t\t\t\t\t\t\t\t\t\t\t\t\t<span class=\"author-bio\">Butikskund<\/span>\r\n\t\t\t\t\t\t\t\t\t\t\t\t\t\t\t\t\t\t\t\t\t\t\t<\/div>\r\n\t\t\t\t\t\t\t\t\t\t<\/div>\r\n\t\t\t\t\t\t\t\t\t<\/div>\r\n\t\t\t\t\t\t\t\t<\/div>\r\n\t\t\t\t\t\t\t<\/div>\r\n\t\t\t\t\t\t\t\t\t\t\t<\/div>\r\n\t\t\t\t<\/div>\r\n\t\t\t<\/div>\r\n\t\t<\/div>\r\n\t<\/div>\r\n<\/section>\r\n\r\n\r\n\t\t\t\t<\/div>\n\t\t\t\t<\/div>\n\t\t\t\t\t<\/div>\n\t\t<\/div>\n\t\t\t\t\t<\/div>\n\t\t<\/section>\n\t\t\t\t<\/div>","protected":false},"excerpt":{"rendered":"<p>Home About us Skipper Guest House Classic double and twin room Classic single room Classic double and twin room Family room Discover now A supportive team always The world have been accomplished by people Christer Owner\/ Manager Perre Owner\/ Manager Sirinat Cleaner The best room just for you We are a dulux hotel for visually [&hellip;]<\/p>","protected":false},"author":1,"featured_media":0,"parent":0,"menu_order":0,"comment_status":"closed","ping_status":"closed","template":"page-templates\/tempa-templates.php","meta":{"inline_featured_image":false,"footnotes":""},"class_list":["post-104","page","type-page","status-publish","hentry"],"_hostinger_reach_plugin_has_subscription_block":false,"_hostinger_reach_plugin_is_elementor":false,"_links":{"self":[{"href":"https:\/\/skippersbeachguesthouse.com\/sv\/wp-json\/wp\/v2\/pages\/104","targetHints":{"allow":["GET"]}}],"collection":[{"href":"https:\/\/skippersbeachguesthouse.com\/sv\/wp-json\/wp\/v2\/pages"}],"about":[{"href":"https:\/\/skippersbeachguesthouse.com\/sv\/wp-json\/wp\/v2\/types\/page"}],"author":[{"embeddable":true,"href":"https:\/\/skippersbeachguesthouse.com\/sv\/wp-json\/wp\/v2\/users\/1"}],"replies":[{"embeddable":true,"href":"https:\/\/skippersbeachguesthouse.com\/sv\/wp-json\/wp\/v2\/comments?post=104"}],"version-history":[{"count":13,"href":"https:\/\/skippersbeachguesthouse.com\/sv\/wp-json\/wp\/v2\/pages\/104\/revisions"}],"predecessor-version":[{"id":1453,"href":"https:\/\/skippersbeachguesthouse.com\/sv\/wp-json\/wp\/v2\/pages\/104\/revisions\/1453"}],"wp:attachment":[{"href":"https:\/\/skippersbeachguesthouse.com\/sv\/wp-json\/wp\/v2\/media?parent=104"}],"curies":[{"name":"wp","href":"https:\/\/api.w.org\/{rel}","templated":true}]}}