{"id":102,"date":"2023-10-13T02:27:39","date_gmt":"2023-10-13T02:27:39","guid":{"rendered":"https:\/\/shtheme.com\/demosd\/tempa\/?page_id=102"},"modified":"2026-02-12T18:13:35","modified_gmt":"2026-02-12T18:13:35","slug":"facilities","status":"publish","type":"page","link":"https:\/\/skippersbeachguesthouse.com\/sv\/facilities\/","title":{"rendered":"Facilities"},"content":{"rendered":"<div data-elementor-type=\"wp-page\" data-elementor-id=\"102\" class=\"elementor elementor-102\" data-elementor-post-type=\"page\">\n\t\t\t\t<div class=\"elementor-element elementor-element-79eba5f e-flex e-con-boxed e-con e-parent\" data-id=\"79eba5f\" data-element_type=\"container\">\n\t\t\t\t\t<div class=\"e-con-inner\">\n\t\t\t\t<div class=\"elementor-element elementor-element-b9a3fba gallery-spacing-custom elementor-widget elementor-widget-image-gallery\" data-id=\"b9a3fba\" data-element_type=\"widget\" data-widget_type=\"image-gallery.default\">\n\t\t\t\t\t\t\t<div class=\"elementor-image-gallery\">\n\t\t\t\n\t\t<style type=\"text\/css\">\n\t\t\t#gallery-1 {\n\t\t\t\tmargin: auto;\n\t\t\t}\n\t\t\t#gallery-1 .gallery-item {\n\t\t\t\tfloat: left;\n\t\t\t\tmargin-top: 10px;\n\t\t\t\ttext-align: center;\n\t\t\t\twidth: 33%;\n\t\t\t}\n\t\t\t#gallery-1 img {\n\t\t\t\tborder: 2px solid #cfcfcf;\n\t\t\t}\n\t\t\t#gallery-1 .gallery-caption {\n\t\t\t\tmargin-left: 0;\n\t\t\t}\n\t\t\t\/* see gallery_shortcode() in wp-includes\/media.php *\/\n\t\t<\/style>\n\t\t<div id='gallery-1' class='gallery galleryid-102 gallery-columns-3 gallery-size-medium_large'><dl class='gallery-item'>\n\t\t\t<dt class='gallery-icon portrait'>\n\t\t\t\t<a data-elementor-open-lightbox=\"yes\" data-elementor-lightbox-slideshow=\"b9a3fba\" data-elementor-lightbox-title=\"iuhdwiuh\" data-e-action-hash=\"#elementor-action%3Aaction%3Dlightbox%26settings%3DeyJpZCI6MTQ3NSwidXJsIjoiaHR0cHM6XC9cL3NraXBwZXJzYmVhY2hndWVzdGhvdXNlLmNvbVwvd3AtY29udGVudFwvdXBsb2Fkc1wvMjAyNlwvMDJcL2l1aGR3aXVoLmpwZWciLCJzbGlkZXNob3ciOiJiOWEzZmJhIn0%3D\" href='https:\/\/skippersbeachguesthouse.com\/wp-content\/uploads\/2026\/02\/iuhdwiuh.jpeg'><img fetchpriority=\"high\" decoding=\"async\" width=\"768\" height=\"1024\" src=\"https:\/\/skippersbeachguesthouse.com\/wp-content\/uploads\/2026\/02\/iuhdwiuh-768x1024.jpeg\" class=\"attachment-medium_large size-medium_large\" alt=\"\" srcset=\"https:\/\/skippersbeachguesthouse.com\/wp-content\/uploads\/2026\/02\/iuhdwiuh-768x1024.jpeg 768w, https:\/\/skippersbeachguesthouse.com\/wp-content\/uploads\/2026\/02\/iuhdwiuh-225x300.jpeg 225w, https:\/\/skippersbeachguesthouse.com\/wp-content\/uploads\/2026\/02\/iuhdwiuh-1152x1536.jpeg 1152w, https:\/\/skippersbeachguesthouse.com\/wp-content\/uploads\/2026\/02\/iuhdwiuh-600x800.jpeg 600w, https:\/\/skippersbeachguesthouse.com\/wp-content\/uploads\/2026\/02\/iuhdwiuh.jpeg 1200w\" sizes=\"(max-width: 768px) 100vw, 768px\" \/><\/a>\n\t\t\t<\/dt><\/dl><dl class='gallery-item'>\n\t\t\t<dt class='gallery-icon portrait'>\n\t\t\t\t<a data-elementor-open-lightbox=\"yes\" data-elementor-lightbox-slideshow=\"b9a3fba\" data-elementor-lightbox-title=\"gdvdvs\" data-e-action-hash=\"#elementor-action%3Aaction%3Dlightbox%26settings%3DeyJpZCI6MTMwMCwidXJsIjoiaHR0cHM6XC9cL3NraXBwZXJzYmVhY2hndWVzdGhvdXNlLmNvbVwvd3AtY29udGVudFwvdXBsb2Fkc1wvMjAyM1wvMTBcL2dkdmR2cy5qcGVnIiwic2xpZGVzaG93IjoiYjlhM2ZiYSJ9\" href='https:\/\/skippersbeachguesthouse.com\/wp-content\/uploads\/2023\/10\/gdvdvs.jpeg'><img decoding=\"async\" width=\"768\" height=\"1024\" src=\"https:\/\/skippersbeachguesthouse.com\/wp-content\/uploads\/2023\/10\/gdvdvs-768x1024.jpeg\" class=\"attachment-medium_large size-medium_large\" alt=\"\" srcset=\"https:\/\/skippersbeachguesthouse.com\/wp-content\/uploads\/2023\/10\/gdvdvs-768x1024.jpeg 768w, https:\/\/skippersbeachguesthouse.com\/wp-content\/uploads\/2023\/10\/gdvdvs-600x800.jpeg 600w, https:\/\/skippersbeachguesthouse.com\/wp-content\/uploads\/2023\/10\/gdvdvs-225x300.jpeg 225w, https:\/\/skippersbeachguesthouse.com\/wp-content\/uploads\/2023\/10\/gdvdvs-1152x1536.jpeg 1152w, https:\/\/skippersbeachguesthouse.com\/wp-content\/uploads\/2023\/10\/gdvdvs.jpeg 1200w\" sizes=\"(max-width: 768px) 100vw, 768px\" \/><\/a>\n\t\t\t<\/dt><\/dl><dl class='gallery-item'>\n\t\t\t<dt class='gallery-icon portrait'>\n\t\t\t\t<a data-elementor-open-lightbox=\"yes\" data-elementor-lightbox-slideshow=\"b9a3fba\" data-elementor-lightbox-title=\"fam\" data-e-action-hash=\"#elementor-action%3Aaction%3Dlightbox%26settings%3DeyJpZCI6MTU4NSwidXJsIjoiaHR0cHM6XC9cL3NraXBwZXJzYmVhY2hndWVzdGhvdXNlLmNvbVwvd3AtY29udGVudFwvdXBsb2Fkc1wvMjAyNlwvMDJcL2ZhbS5qcGVnIiwic2xpZGVzaG93IjoiYjlhM2ZiYSJ9\" href='https:\/\/skippersbeachguesthouse.com\/wp-content\/uploads\/2026\/02\/fam.jpeg'><img decoding=\"async\" width=\"768\" height=\"1024\" src=\"https:\/\/skippersbeachguesthouse.com\/wp-content\/uploads\/2026\/02\/fam-768x1024.jpeg\" class=\"attachment-medium_large size-medium_large\" alt=\"\" srcset=\"https:\/\/skippersbeachguesthouse.com\/wp-content\/uploads\/2026\/02\/fam-768x1024.jpeg 768w, https:\/\/skippersbeachguesthouse.com\/wp-content\/uploads\/2026\/02\/fam-225x300.jpeg 225w, https:\/\/skippersbeachguesthouse.com\/wp-content\/uploads\/2026\/02\/fam-1152x1536.jpeg 1152w, https:\/\/skippersbeachguesthouse.com\/wp-content\/uploads\/2026\/02\/fam-9x12.jpeg 9w, https:\/\/skippersbeachguesthouse.com\/wp-content\/uploads\/2026\/02\/fam-600x800.jpeg 600w, https:\/\/skippersbeachguesthouse.com\/wp-content\/uploads\/2026\/02\/fam.jpeg 1200w\" sizes=\"(max-width: 768px) 100vw, 768px\" \/><\/a>\n\t\t\t<\/dt><\/dl><br style=\"clear: both\" \/>\n\t\t<\/div>\n\t\t<\/div>\n\t\t\t\t\t\t<\/div>\n\t\t\t\t\t<\/div>\n\t\t\t\t<\/div>\n\t\t<div class=\"elementor-element elementor-element-e9962b7 e-flex e-con-boxed e-con e-parent\" data-id=\"e9962b7\" data-element_type=\"container\">\n\t\t\t\t\t<div class=\"e-con-inner\">\n\t\t\t\t<div class=\"elementor-element elementor-element-c9fd479 gallery-spacing-custom elementor-widget elementor-widget-image-gallery\" data-id=\"c9fd479\" data-element_type=\"widget\" data-widget_type=\"image-gallery.default\">\n\t\t\t\t\t\t\t<div class=\"elementor-image-gallery\">\n\t\t\t\n\t\t<style type=\"text\/css\">\n\t\t\t#gallery-2 {\n\t\t\t\tmargin: auto;\n\t\t\t}\n\t\t\t#gallery-2 .gallery-item {\n\t\t\t\tfloat: left;\n\t\t\t\tmargin-top: 10px;\n\t\t\t\ttext-align: center;\n\t\t\t\twidth: 33%;\n\t\t\t}\n\t\t\t#gallery-2 img {\n\t\t\t\tborder: 2px solid #cfcfcf;\n\t\t\t}\n\t\t\t#gallery-2 .gallery-caption {\n\t\t\t\tmargin-left: 0;\n\t\t\t}\n\t\t\t\/* see gallery_shortcode() in wp-includes\/media.php *\/\n\t\t<\/style>\n\t\t<div id='gallery-2' class='gallery galleryid-102 gallery-columns-3 gallery-size-medium_large'><dl class='gallery-item'>\n\t\t\t<dt class='gallery-icon portrait'>\n\t\t\t\t<a data-elementor-open-lightbox=\"yes\" data-elementor-lightbox-slideshow=\"c9fd479\" data-elementor-lightbox-title=\"gvfd\" data-e-action-hash=\"#elementor-action%3Aaction%3Dlightbox%26settings%3DeyJpZCI6MTQ3MiwidXJsIjoiaHR0cHM6XC9cL3NraXBwZXJzYmVhY2hndWVzdGhvdXNlLmNvbVwvd3AtY29udGVudFwvdXBsb2Fkc1wvMjAyNlwvMDJcL2d2ZmQuanBlZyIsInNsaWRlc2hvdyI6ImM5ZmQ0NzkifQ%3D%3D\" href='https:\/\/skippersbeachguesthouse.com\/wp-content\/uploads\/2026\/02\/gvfd.jpeg'><img loading=\"lazy\" decoding=\"async\" width=\"768\" height=\"1024\" src=\"https:\/\/skippersbeachguesthouse.com\/wp-content\/uploads\/2026\/02\/gvfd-768x1024.jpeg\" class=\"attachment-medium_large size-medium_large\" alt=\"\" srcset=\"https:\/\/skippersbeachguesthouse.com\/wp-content\/uploads\/2026\/02\/gvfd-768x1024.jpeg 768w, https:\/\/skippersbeachguesthouse.com\/wp-content\/uploads\/2026\/02\/gvfd-225x300.jpeg 225w, https:\/\/skippersbeachguesthouse.com\/wp-content\/uploads\/2026\/02\/gvfd-1152x1536.jpeg 1152w, https:\/\/skippersbeachguesthouse.com\/wp-content\/uploads\/2026\/02\/gvfd-600x800.jpeg 600w, https:\/\/skippersbeachguesthouse.com\/wp-content\/uploads\/2026\/02\/gvfd.jpeg 1200w\" sizes=\"(max-width: 768px) 100vw, 768px\" \/><\/a>\n\t\t\t<\/dt><\/dl><dl class='gallery-item'>\n\t\t\t<dt class='gallery-icon portrait'>\n\t\t\t\t<a data-elementor-open-lightbox=\"yes\" data-elementor-lightbox-slideshow=\"c9fd479\" data-elementor-lightbox-title=\"cdcda\" data-e-action-hash=\"#elementor-action%3Aaction%3Dlightbox%26settings%3DeyJpZCI6MTQ3NCwidXJsIjoiaHR0cHM6XC9cL3NraXBwZXJzYmVhY2hndWVzdGhvdXNlLmNvbVwvd3AtY29udGVudFwvdXBsb2Fkc1wvMjAyNlwvMDJcL2NkY2RhLTEuanBlZyIsInNsaWRlc2hvdyI6ImM5ZmQ0NzkifQ%3D%3D\" href='https:\/\/skippersbeachguesthouse.com\/wp-content\/uploads\/2026\/02\/cdcda-1.jpeg'><img loading=\"lazy\" decoding=\"async\" width=\"768\" height=\"1024\" src=\"https:\/\/skippersbeachguesthouse.com\/wp-content\/uploads\/2026\/02\/cdcda-1-768x1024.jpeg\" class=\"attachment-medium_large size-medium_large\" alt=\"\" srcset=\"https:\/\/skippersbeachguesthouse.com\/wp-content\/uploads\/2026\/02\/cdcda-1-768x1024.jpeg 768w, https:\/\/skippersbeachguesthouse.com\/wp-content\/uploads\/2026\/02\/cdcda-1-225x300.jpeg 225w, https:\/\/skippersbeachguesthouse.com\/wp-content\/uploads\/2026\/02\/cdcda-1-1152x1536.jpeg 1152w, https:\/\/skippersbeachguesthouse.com\/wp-content\/uploads\/2026\/02\/cdcda-1-600x800.jpeg 600w, https:\/\/skippersbeachguesthouse.com\/wp-content\/uploads\/2026\/02\/cdcda-1.jpeg 1200w\" sizes=\"(max-width: 768px) 100vw, 768px\" \/><\/a>\n\t\t\t<\/dt><\/dl><dl class='gallery-item'>\n\t\t\t<dt class='gallery-icon portrait'>\n\t\t\t\t<a data-elementor-open-lightbox=\"yes\" data-elementor-lightbox-slideshow=\"c9fd479\" data-elementor-lightbox-title=\"WhatsApp Image 2026-02-12 at 17.35.07\" data-e-action-hash=\"#elementor-action%3Aaction%3Dlightbox%26settings%3DeyJpZCI6MTU5NCwidXJsIjoiaHR0cHM6XC9cL3NraXBwZXJzYmVhY2hndWVzdGhvdXNlLmNvbVwvd3AtY29udGVudFwvdXBsb2Fkc1wvMjAyNlwvMDJcL1doYXRzQXBwLUltYWdlLTIwMjYtMDItMTItYXQtMTcuMzUuMDcuanBlZyIsInNsaWRlc2hvdyI6ImM5ZmQ0NzkifQ%3D%3D\" href='https:\/\/skippersbeachguesthouse.com\/wp-content\/uploads\/2026\/02\/WhatsApp-Image-2026-02-12-at-17.35.07.jpeg'><img loading=\"lazy\" decoding=\"async\" width=\"768\" height=\"1024\" src=\"https:\/\/skippersbeachguesthouse.com\/wp-content\/uploads\/2026\/02\/WhatsApp-Image-2026-02-12-at-17.35.07-768x1024.jpeg\" class=\"attachment-medium_large size-medium_large\" alt=\"\" srcset=\"https:\/\/skippersbeachguesthouse.com\/wp-content\/uploads\/2026\/02\/WhatsApp-Image-2026-02-12-at-17.35.07-768x1024.jpeg 768w, https:\/\/skippersbeachguesthouse.com\/wp-content\/uploads\/2026\/02\/WhatsApp-Image-2026-02-12-at-17.35.07-225x300.jpeg 225w, https:\/\/skippersbeachguesthouse.com\/wp-content\/uploads\/2026\/02\/WhatsApp-Image-2026-02-12-at-17.35.07-1152x1536.jpeg 1152w, https:\/\/skippersbeachguesthouse.com\/wp-content\/uploads\/2026\/02\/WhatsApp-Image-2026-02-12-at-17.35.07-9x12.jpeg 9w, https:\/\/skippersbeachguesthouse.com\/wp-content\/uploads\/2026\/02\/WhatsApp-Image-2026-02-12-at-17.35.07-600x800.jpeg 600w, https:\/\/skippersbeachguesthouse.com\/wp-content\/uploads\/2026\/02\/WhatsApp-Image-2026-02-12-at-17.35.07.jpeg 1200w\" sizes=\"(max-width: 768px) 100vw, 768px\" \/><\/a>\n\t\t\t<\/dt><\/dl><br style=\"clear: both\" \/>\n\t\t<\/div>\n\t\t<\/div>\n\t\t\t\t\t\t<\/div>\n\t\t\t\t\t<\/div>\n\t\t\t\t<\/div>\n\t\t\t\t<section class=\"elementor-section elementor-top-section elementor-element elementor-element-3c50a96 elementor-section-full_width elementor-section-height-default elementor-section-height-default\" data-id=\"3c50a96\" data-element_type=\"section\">\n\t\t\t\t\t\t<div class=\"elementor-container elementor-column-gap-no\">\n\t\t\t\t\t<div class=\"elementor-column elementor-col-100 elementor-top-column elementor-element elementor-element-e6ac647\" data-id=\"e6ac647\" data-element_type=\"column\">\n\t\t\t<div class=\"elementor-widget-wrap elementor-element-populated\">\n\t\t\t\t\t\t<div class=\"elementor-element elementor-element-8a85fd9 elementor-align-left elementor-widget elementor-widget-bdevs-hotel-room-area\" data-id=\"8a85fd9\" data-element_type=\"widget\" data-widget_type=\"bdevs-hotel-room-area.default\">\n\t\t\t\t<div class=\"elementor-widget-container\">\n\t\t\t\t\t \r\n\r\n\r\n<section class=\"hotel-room-area section-t-padding wow slideInUp\">\r\n\t<div class=\"container\">\r\n\t\t<div class=\"row\">\r\n\t\t\t<div class=\"col\">\r\n\t\t\t\t<div class=\"section-capture\">\r\n\t\t\t\t\t<div class=\"section-title wow slideInLeft\">\r\n\t\t\t\t\t\t<span class=\"subtitle\">V\u00e4lj din rumsanl\u00e4ggning<\/span>\r\n\t\t\t\t\t\t<h2>\r\n\t\t\t\t\t\t\t<span>Hotellets l\u00e4genhet<\/span>\n<span>b\u00e4sta m\u00f6jliga anl\u00e4ggning<\/span>\t\t\t\t\t\t<\/h2>\r\n\t\t\t\t\t<\/div>\r\n\t\t\t\t<\/div>\r\n\t\t\t\t<div class=\"hotel-room-block\">\r\n\t\t\t\t\t<div class=\"swiper\" id=\"hotel-room\">\r\n\t\t\t\t\t\t<div class=\"swiper-wrapper\">\r\n\t\t\t\t\t\t\t\t\t\t\t\t\t\t\t<div class=\"swiper-slide wow animate__animated animate__fadeInUp\" data-wow-delay=\"0.1s\"> \r\n\t\t\t\t\t\t\t\t\t<div class=\"room-block\">\r\n\t\t\t\t\t\t\t\t\t\t<span class=\"room-image\">\r\n\t\t\t\t\t\t\t\t\t\t\t\t\t\t\t\t\t\t\t\t\t<\/span>\t\t\r\n\t\t\t\t\t\t\t\t\t\t<div class=\"room-content\">\r\n\t\t\t\t\t\t\t\t\t\t\t\t\t\t\t\t\t\t\t\t\t\t\t<div class=\"icon-image\">\r\n\t\t\t\t\t\t\t\t\t\t\t\t\t<img decoding=\"async\" src=\"https:\/\/shtheme.com\/demosd\/tempa\/wp-content\/uploads\/2023\/11\/facility-service-1.png\" class=\"img-fluid\" alt=\"image\">\r\n\t\t\t\t\t\t\t\t\t\t\t\t<\/div>\r\n\t\t\t\t\t\t\t\t\t\t\t\t\t\t\t\t\t\t\t\t\t\t\t\t\t\t\t\t\t\t\t\t\t\t\t\t\t\t\t\t\t\t\t\t\t\t\t<span class=\"title\">Badrum<\/span>\r\n\t\t\t\t\t\t\t\t\t\t\t\t\t\t\t\t\t\t\t\t\t\t\t\t\t\t\t\t\t\t\t\t\t\t\t\t\t\t\t\t\t\t\t\t\t\t\t\t\t\t\t\t\t\t\t<\/div>\t\r\n\t\t\t\t\t\t\t\t\t<\/div>\r\n\t\t\t\t\t\t\t\t<\/div>\r\n\t\t\t\t\t\t\t\t\t\t\t\t\t\t\t<div class=\"swiper-slide wow animate__animated animate__fadeInUp\" data-wow-delay=\"0.2s\"> \r\n\t\t\t\t\t\t\t\t\t<div class=\"room-block\">\r\n\t\t\t\t\t\t\t\t\t\t<span class=\"room-image\">\r\n\t\t\t\t\t\t\t\t\t\t\t\t\t\t\t\t\t\t\t\t\t<\/span>\t\t\r\n\t\t\t\t\t\t\t\t\t\t<div class=\"room-content\">\r\n\t\t\t\t\t\t\t\t\t\t\t\t\t\t\t\t\t\t\t\t\t\t\t<div class=\"icon-image\">\r\n\t\t\t\t\t\t\t\t\t\t\t\t\t<img decoding=\"async\" src=\"https:\/\/shtheme.com\/demosd\/tempa\/wp-content\/uploads\/2023\/11\/facility-service-2.png\" class=\"img-fluid\" alt=\"image\">\r\n\t\t\t\t\t\t\t\t\t\t\t\t<\/div>\r\n\t\t\t\t\t\t\t\t\t\t\t\t\t\t\t\t\t\t\t\t\t\t\t\t\t\t\t\t\t\t\t\t\t\t\t\t\t\t\t\t\t\t\t\t\t\t\t<span class=\"title\">Platt-tv<\/span>\r\n\t\t\t\t\t\t\t\t\t\t\t\t\t\t\t\t\t\t\t\t\t\t\t\t\t\t\t\t\t\t\t\t\t\t\t\t\t\t\t\t\t\t\t\t\t\t\t\t\t\t\t\t\t\t\t<\/div>\t\r\n\t\t\t\t\t\t\t\t\t<\/div>\r\n\t\t\t\t\t\t\t\t<\/div>\r\n\t\t\t\t\t\t\t\t\t\t\t\t\t\t\t<div class=\"swiper-slide wow animate__animated animate__fadeInUp\" data-wow-delay=\"0.3s\"> \r\n\t\t\t\t\t\t\t\t\t<div class=\"room-block\">\r\n\t\t\t\t\t\t\t\t\t\t<span class=\"room-image\">\r\n\t\t\t\t\t\t\t\t\t\t\t\t\t\t\t\t\t\t\t\t\t<\/span>\t\t\r\n\t\t\t\t\t\t\t\t\t\t<div class=\"room-content\">\r\n\t\t\t\t\t\t\t\t\t\t\t\t\t\t\t\t\t\t\t\t\t\t\t<div class=\"icon-image\">\r\n\t\t\t\t\t\t\t\t\t\t\t\t\t<img decoding=\"async\" src=\"https:\/\/shtheme.com\/demosd\/tempa\/wp-content\/uploads\/2023\/11\/facility-service-4.png\" class=\"img-fluid\" alt=\"image\">\r\n\t\t\t\t\t\t\t\t\t\t\t\t<\/div>\r\n\t\t\t\t\t\t\t\t\t\t\t\t\t\t\t\t\t\t\t\t\t\t\t\t\t\t\t\t\t\t\t\t\t\t\t\t\t\t\t\t\t\t\t\t\t\t\t<span class=\"title\">H\u00e5rtork<\/span>\r\n\t\t\t\t\t\t\t\t\t\t\t\t\t\t\t\t\t\t\t\t\t\t\t\t\t\t\t\t\t\t\t\t\t\t\t\t\t\t\t\t\t\t\t\t\t\t\t\t\t\t\t\t\t\t\t<\/div>\t\r\n\t\t\t\t\t\t\t\t\t<\/div>\r\n\t\t\t\t\t\t\t\t<\/div>\r\n\t\t\t\t\t\t\t\t\t\t\t\t\t\t\t<div class=\"swiper-slide wow animate__animated animate__fadeInUp\" data-wow-delay=\"0.4s\"> \r\n\t\t\t\t\t\t\t\t\t<div class=\"room-block\">\r\n\t\t\t\t\t\t\t\t\t\t<span class=\"room-image\">\r\n\t\t\t\t\t\t\t\t\t\t\t\t\t\t\t\t\t\t\t\t\t<\/span>\t\t\r\n\t\t\t\t\t\t\t\t\t\t<div class=\"room-content\">\r\n\t\t\t\t\t\t\t\t\t\t\t\t\t\t\t\t\t\t\t\t\t\t\t\t\t\t\t\t\t\t\t\t\t\t\t\t\t\t\t\t\t\t\t\t\t\t\t<span class=\"title\">wifi<\/span>\r\n\t\t\t\t\t\t\t\t\t\t\t\t\t\t\t\t\t\t\t\t\t\t\t\t\t\t\t\t\t\t\t\t\t\t\t\t\t\t\t\t\t\t\t\t\t\t\t\t\t\t\t\t\t\t\t<\/div>\t\r\n\t\t\t\t\t\t\t\t\t<\/div>\r\n\t\t\t\t\t\t\t\t<\/div>\r\n\t\t\t\t\t\t\t\t\t\t\t\t\t<\/div>\r\n\t\t\t\t\t<\/div>\r\n\t\t\t\t<\/div>\r\n\t\t\t<\/div>\r\n\t\t<\/div>\r\n\t<\/div>\r\n<\/section>\r\n\r\n\r\n\t\t\t\t<\/div>\n\t\t\t\t<\/div>\n\t\t\t\t\t<\/div>\n\t\t<\/div>\n\t\t\t\t\t<\/div>\n\t\t<\/section>\n\t\t\t\t<\/div>","protected":false},"excerpt":{"rendered":"<p>Choose your room facility The hotel apartment best possible facility Bathroom Flat screen tv Hairdryer wifi<\/p>","protected":false},"author":1,"featured_media":0,"parent":0,"menu_order":0,"comment_status":"closed","ping_status":"closed","template":"page-templates\/tempa-templates.php","meta":{"inline_featured_image":false,"footnotes":""},"class_list":["post-102","page","type-page","status-publish","hentry"],"_hostinger_reach_plugin_has_subscription_block":false,"_hostinger_reach_plugin_is_elementor":false,"_links":{"self":[{"href":"https:\/\/skippersbeachguesthouse.com\/sv\/wp-json\/wp\/v2\/pages\/102","targetHints":{"allow":["GET"]}}],"collection":[{"href":"https:\/\/skippersbeachguesthouse.com\/sv\/wp-json\/wp\/v2\/pages"}],"about":[{"href":"https:\/\/skippersbeachguesthouse.com\/sv\/wp-json\/wp\/v2\/types\/page"}],"author":[{"embeddable":true,"href":"https:\/\/skippersbeachguesthouse.com\/sv\/wp-json\/wp\/v2\/users\/1"}],"replies":[{"embeddable":true,"href":"https:\/\/skippersbeachguesthouse.com\/sv\/wp-json\/wp\/v2\/comments?post=102"}],"version-history":[{"count":10,"href":"https:\/\/skippersbeachguesthouse.com\/sv\/wp-json\/wp\/v2\/pages\/102\/revisions"}],"predecessor-version":[{"id":1597,"href":"https:\/\/skippersbeachguesthouse.com\/sv\/wp-json\/wp\/v2\/pages\/102\/revisions\/1597"}],"wp:attachment":[{"href":"https:\/\/skippersbeachguesthouse.com\/sv\/wp-json\/wp\/v2\/media?parent=102"}],"curies":[{"name":"wp","href":"https:\/\/api.w.org\/{rel}","templated":true}]}}